{"id":15802,"date":"2024-06-14T15:04:39","date_gmt":"2024-06-14T13:04:39","guid":{"rendered":"https:\/\/seapalace.nl\/sea-palace-michelin\/"},"modified":"2024-06-14T15:04:39","modified_gmt":"2024-06-14T13:04:39","slug":"sea-palace-michelin","status":"publish","type":"page","link":"https:\/\/seapalace.nl\/de\/sea-palace-michelin\/","title":{"rendered":"Sea Palace Michelin"},"content":{"rendered":"\t\t<div data-elementor-type=\"wp-page\" data-elementor-id=\"15802\" class=\"elementor elementor-15802 elementor-14051\" data-elementor-post-type=\"page\">\n\t\t\t\t\t\t<section class=\"elementor-section elementor-top-section elementor-element elementor-element-c1f4607 ws-hero-section elementor-section-boxed elementor-section-height-default elementor-section-height-default\" data-id=\"c1f4607\" data-element_type=\"section\" data-e-type=\"section\" data-settings=\"{&quot;background_background&quot;:&quot;classic&quot;,&quot;background_motion_fx_motion_fx_scrolling&quot;:&quot;yes&quot;,&quot;background_motion_fx_translateY_effect&quot;:&quot;yes&quot;,&quot;background_motion_fx_translateY_direction&quot;:&quot;negative&quot;,&quot;background_motion_fx_translateY_speed&quot;:{&quot;unit&quot;:&quot;px&quot;,&quot;size&quot;:4,&quot;sizes&quot;:[]},&quot;background_motion_fx_translateY_affectedRange&quot;:{&quot;unit&quot;:&quot;%&quot;,&quot;size&quot;:&quot;&quot;,&quot;sizes&quot;:{&quot;start&quot;:0,&quot;end&quot;:100}},&quot;background_motion_fx_devices&quot;:[&quot;desktop&quot;,&quot;tablet&quot;,&quot;mobile&quot;]}\">\n\t\t\t\t\t\t\t<div class=\"elementor-background-overlay\"><\/div>\n\t\t\t\t\t\t\t<div class=\"elementor-container elementor-column-gap-no\">\n\t\t\t\t\t<div class=\"elementor-column elementor-col-100 elementor-top-column elementor-element elementor-element-baa389b\" data-id=\"baa389b\" data-element_type=\"column\" data-e-type=\"column\">\n\t\t\t<div class=\"elementor-widget-wrap elementor-element-populated\">\n\t\t\t\t\t\t<div class=\"elementor-element elementor-element-ba783d8 elementor-widget elementor-widget-heading\" data-id=\"ba783d8\" data-element_type=\"widget\" data-e-type=\"widget\" data-widget_type=\"heading.default\">\n\t\t\t\t<div class=\"elementor-widget-container\">\n\t\t\t\t\t<h2 class=\"elementor-heading-title elementor-size-default\">Sea Palace<\/h2>\t\t\t\t<\/div>\n\t\t\t\t<\/div>\n\t\t\t\t<div class=\"elementor-element elementor-element-6dc198d ws-heading-medium elementor-widget elementor-widget-heading\" data-id=\"6dc198d\" data-element_type=\"widget\" data-e-type=\"widget\" data-widget_type=\"heading.default\">\n\t\t\t\t<div class=\"elementor-widget-container\">\n\t\t\t\t\t<h1 class=\"elementor-heading-title elementor-size-default\"><span class=\"ws-font-light\"><\/span> MICHELIN<\/h1>\t\t\t\t<\/div>\n\t\t\t\t<\/div>\n\t\t\t\t<div class=\"elementor-element elementor-element-59129f1 elementor-widget-divider--view-line elementor-widget elementor-widget-divider\" data-id=\"59129f1\" data-element_type=\"widget\" data-e-type=\"widget\" data-widget_type=\"divider.default\">\n\t\t\t\t<div class=\"elementor-widget-container\">\n\t\t\t\t\t\t\t<div class=\"elementor-divider\">\n\t\t\t<span class=\"elementor-divider-separator\">\n\t\t\t\t\t\t<\/span>\n\t\t<\/div>\n\t\t\t\t\t\t<\/div>\n\t\t\t\t<\/div>\n\t\t\t\t\t<\/div>\n\t\t<\/div>\n\t\t\t\t\t<\/div>\n\t\t<\/section>\n\t\t\t\t<section class=\"elementor-section elementor-top-section elementor-element elementor-element-3cb61ce elementor-section-boxed elementor-section-height-default elementor-section-height-default\" data-id=\"3cb61ce\" data-element_type=\"section\" data-e-type=\"section\">\n\t\t\t\t\t\t<div class=\"elementor-container elementor-column-gap-default\">\n\t\t\t\t\t<div class=\"elementor-column elementor-col-100 elementor-top-column elementor-element elementor-element-cc48a65\" data-id=\"cc48a65\" data-element_type=\"column\" data-e-type=\"column\">\n\t\t\t<div class=\"elementor-widget-wrap elementor-element-populated\">\n\t\t\t\t\t\t<div class=\"elementor-element elementor-element-456f6f6 elementor-widget elementor-widget-heading\" data-id=\"456f6f6\" data-element_type=\"widget\" data-e-type=\"widget\" data-widget_type=\"heading.default\">\n\t\t\t\t<div class=\"elementor-widget-container\">\n\t\t\t\t\t<h2 class=\"elementor-heading-title elementor-size-default\"><span class=\"ws-font-light\">DIE EMPFEHLUNG<\/span> VON MICHELIN<\/h2>\t\t\t\t<\/div>\n\t\t\t\t<\/div>\n\t\t\t\t<div class=\"elementor-element elementor-element-b83ef86 elementor-widget-divider--view-line elementor-widget elementor-widget-divider\" data-id=\"b83ef86\" data-element_type=\"widget\" data-e-type=\"widget\" data-widget_type=\"divider.default\">\n\t\t\t\t<div class=\"elementor-widget-container\">\n\t\t\t\t\t\t\t<div class=\"elementor-divider\">\n\t\t\t<span class=\"elementor-divider-separator\">\n\t\t\t\t\t\t<\/span>\n\t\t<\/div>\n\t\t\t\t\t\t<\/div>\n\t\t\t\t<\/div>\n\t\t\t\t<div class=\"elementor-element elementor-element-61de4d3 elementor-widget elementor-widget-text-editor\" data-id=\"61de4d3\" data-element_type=\"widget\" data-e-type=\"widget\" data-widget_type=\"text-editor.default\">\n\t\t\t\t<div class=\"elementor-widget-container\">\n\t\t\t\t\t\t\t\t\t<p>Sea Palace wird seit April 2024 von Michelin empfohlen:<\/p>\n<p>&#8222;Standbilder der chinesischen Kriegsherren Guan Yu, Liu Bei und Zhang Fei, Pagodenmotive, holzgeschnitzte chinoise Elemente: Die Detailarbeit, die Sie in diesem schwimmenden Restaurant bewundern k\u00f6nnen, ist bemerkenswert. Sea Palace erinnert an einen Palast aus der Ming-Dynastie, befindet sich jedoch nur wenige Schritte vom Hauptbahnhof entfernt. Die umfangreiche Speisekarte ist eine Hommage an die authentische kantonesische K\u00fcche. Denken Sie an ged\u00e4mpfte Dim Sum mit Garnelen, gewokte Nudeln mit Rindfleisch und Sojasauce oder wie w\u00e4re es mit Peking-Ente (bestellbar f\u00fcr zwei Personen)? Freuen Sie sich auf eine reiche Erfahrung und ein hervorragendes Preis-Leistungs-Verh\u00e4ltnis!&#8220;<\/p>\n<p>Lesen Sie den vollst\u00e4ndigen Artikel auf der Michelin-Website.<\/p>\n\t\t\t\t\t\t\t\t<\/div>\n\t\t\t\t<\/div>\n\t\t\t\t\t<\/div>\n\t\t<\/div>\n\t\t\t\t\t<\/div>\n\t\t<\/section>\n\t\t\t\t<\/div>\n\t\t","protected":false},"excerpt":{"rendered":"Sea Palace MICHELIN DIE EMPFEHLUNG VON MICHELIN Sea Palace wird seit April 2024 von Michelin empfohlen: &#8222;Standbilder der chinesischen Kriegsherren Guan Yu, Liu&#8230;","protected":false},"author":1,"featured_media":0,"parent":0,"menu_order":0,"comment_status":"closed","ping_status":"closed","template":"","meta":{"footnotes":""},"class_list":["post-15802","page","type-page","status-publish","hentry"],"yoast_head":"<!-- This site is optimized with the Yoast SEO plugin v27.3 - https:\/\/yoast.com\/product\/yoast-seo-wordpress\/ -->\n<title>Sea Palace Michelin - Sea Palace<\/title>\n<meta name=\"robots\" content=\"index, follow, max-snippet:-1, max-image-preview:large, max-video-preview:-1\" \/>\n<link rel=\"canonical\" href=\"https:\/\/seapalace.nl\/de\/sea-palace-michelin\/\" \/>\n<meta property=\"og:locale\" content=\"de_DE\" \/>\n<meta property=\"og:type\" content=\"article\" \/>\n<meta property=\"og:title\" content=\"Sea Palace Michelin - Sea Palace\" \/>\n<meta property=\"og:description\" content=\"Sea Palace MICHELIN DIE EMPFEHLUNG VON MICHELIN Sea Palace wird seit April 2024 von Michelin empfohlen: &#8222;Standbilder der chinesischen Kriegsherren Guan Yu, Liu...\" \/>\n<meta property=\"og:url\" content=\"https:\/\/seapalace.nl\/de\/sea-palace-michelin\/\" \/>\n<meta property=\"og:site_name\" content=\"Sea Palace\" \/>\n<meta name=\"twitter:card\" content=\"summary_large_image\" \/>\n<meta name=\"twitter:label1\" content=\"Gesch\u00e4tzte Lesezeit\" \/>\n\t<meta name=\"twitter:data1\" content=\"1\u00a0Minute\" \/>\n<script type=\"application\/ld+json\" class=\"yoast-schema-graph\">{\"@context\":\"https:\\\/\\\/schema.org\",\"@graph\":[{\"@type\":\"WebPage\",\"@id\":\"https:\\\/\\\/seapalace.nl\\\/de\\\/sea-palace-michelin\\\/\",\"url\":\"https:\\\/\\\/seapalace.nl\\\/de\\\/sea-palace-michelin\\\/\",\"name\":\"Sea Palace Michelin - Sea Palace\",\"isPartOf\":{\"@id\":\"https:\\\/\\\/seapalace.nl\\\/de\\\/#website\"},\"datePublished\":\"2024-06-14T13:04:39+00:00\",\"breadcrumb\":{\"@id\":\"https:\\\/\\\/seapalace.nl\\\/de\\\/sea-palace-michelin\\\/#breadcrumb\"},\"inLanguage\":\"de\",\"potentialAction\":[{\"@type\":\"ReadAction\",\"target\":[\"https:\\\/\\\/seapalace.nl\\\/de\\\/sea-palace-michelin\\\/\"]}]},{\"@type\":\"BreadcrumbList\",\"@id\":\"https:\\\/\\\/seapalace.nl\\\/de\\\/sea-palace-michelin\\\/#breadcrumb\",\"itemListElement\":[{\"@type\":\"ListItem\",\"position\":1,\"name\":\"Home\",\"item\":\"https:\\\/\\\/seapalace.nl\\\/de\\\/\"},{\"@type\":\"ListItem\",\"position\":2,\"name\":\"Sea Palace Michelin\"}]},{\"@type\":\"WebSite\",\"@id\":\"https:\\\/\\\/seapalace.nl\\\/de\\\/#website\",\"url\":\"https:\\\/\\\/seapalace.nl\\\/de\\\/\",\"name\":\"Sea Palace\",\"description\":\"Dim Sum Restaurant\",\"publisher\":{\"@id\":\"https:\\\/\\\/seapalace.nl\\\/de\\\/#organization\"},\"potentialAction\":[{\"@type\":\"SearchAction\",\"target\":{\"@type\":\"EntryPoint\",\"urlTemplate\":\"https:\\\/\\\/seapalace.nl\\\/de\\\/?s={search_term_string}\"},\"query-input\":{\"@type\":\"PropertyValueSpecification\",\"valueRequired\":true,\"valueName\":\"search_term_string\"}}],\"inLanguage\":\"de\"},{\"@type\":\"Organization\",\"@id\":\"https:\\\/\\\/seapalace.nl\\\/de\\\/#organization\",\"name\":\"Sea Palace\",\"url\":\"https:\\\/\\\/seapalace.nl\\\/de\\\/\",\"logo\":{\"@type\":\"ImageObject\",\"inLanguage\":\"de\",\"@id\":\"https:\\\/\\\/seapalace.nl\\\/de\\\/#\\\/schema\\\/logo\\\/image\\\/\",\"url\":\"https:\\\/\\\/seapalace.nl\\\/wp-content\\\/uploads\\\/2020\\\/04\\\/2020-03-16_1354.png\",\"contentUrl\":\"https:\\\/\\\/seapalace.nl\\\/wp-content\\\/uploads\\\/2020\\\/04\\\/2020-03-16_1354.png\",\"width\":166,\"height\":160,\"caption\":\"Sea Palace\"},\"image\":{\"@id\":\"https:\\\/\\\/seapalace.nl\\\/de\\\/#\\\/schema\\\/logo\\\/image\\\/\"}}]}<\/script>\n<!-- \/ Yoast SEO plugin. -->","yoast_head_json":{"title":"Sea Palace Michelin - Sea Palace","robots":{"index":"index","follow":"follow","max-snippet":"max-snippet:-1","max-image-preview":"max-image-preview:large","max-video-preview":"max-video-preview:-1"},"canonical":"https:\/\/seapalace.nl\/de\/sea-palace-michelin\/","og_locale":"de_DE","og_type":"article","og_title":"Sea Palace Michelin - Sea Palace","og_description":"Sea Palace MICHELIN DIE EMPFEHLUNG VON MICHELIN Sea Palace wird seit April 2024 von Michelin empfohlen: &#8222;Standbilder der chinesischen Kriegsherren Guan Yu, Liu...","og_url":"https:\/\/seapalace.nl\/de\/sea-palace-michelin\/","og_site_name":"Sea Palace","twitter_card":"summary_large_image","twitter_misc":{"Gesch\u00e4tzte Lesezeit":"1\u00a0Minute"},"schema":{"@context":"https:\/\/schema.org","@graph":[{"@type":"WebPage","@id":"https:\/\/seapalace.nl\/de\/sea-palace-michelin\/","url":"https:\/\/seapalace.nl\/de\/sea-palace-michelin\/","name":"Sea Palace Michelin - Sea Palace","isPartOf":{"@id":"https:\/\/seapalace.nl\/de\/#website"},"datePublished":"2024-06-14T13:04:39+00:00","breadcrumb":{"@id":"https:\/\/seapalace.nl\/de\/sea-palace-michelin\/#breadcrumb"},"inLanguage":"de","potentialAction":[{"@type":"ReadAction","target":["https:\/\/seapalace.nl\/de\/sea-palace-michelin\/"]}]},{"@type":"BreadcrumbList","@id":"https:\/\/seapalace.nl\/de\/sea-palace-michelin\/#breadcrumb","itemListElement":[{"@type":"ListItem","position":1,"name":"Home","item":"https:\/\/seapalace.nl\/de\/"},{"@type":"ListItem","position":2,"name":"Sea Palace Michelin"}]},{"@type":"WebSite","@id":"https:\/\/seapalace.nl\/de\/#website","url":"https:\/\/seapalace.nl\/de\/","name":"Sea Palace","description":"Dim Sum Restaurant","publisher":{"@id":"https:\/\/seapalace.nl\/de\/#organization"},"potentialAction":[{"@type":"SearchAction","target":{"@type":"EntryPoint","urlTemplate":"https:\/\/seapalace.nl\/de\/?s={search_term_string}"},"query-input":{"@type":"PropertyValueSpecification","valueRequired":true,"valueName":"search_term_string"}}],"inLanguage":"de"},{"@type":"Organization","@id":"https:\/\/seapalace.nl\/de\/#organization","name":"Sea Palace","url":"https:\/\/seapalace.nl\/de\/","logo":{"@type":"ImageObject","inLanguage":"de","@id":"https:\/\/seapalace.nl\/de\/#\/schema\/logo\/image\/","url":"https:\/\/seapalace.nl\/wp-content\/uploads\/2020\/04\/2020-03-16_1354.png","contentUrl":"https:\/\/seapalace.nl\/wp-content\/uploads\/2020\/04\/2020-03-16_1354.png","width":166,"height":160,"caption":"Sea Palace"},"image":{"@id":"https:\/\/seapalace.nl\/de\/#\/schema\/logo\/image\/"}}]}},"_links":{"self":[{"href":"https:\/\/seapalace.nl\/de\/wp-json\/wp\/v2\/pages\/15802","targetHints":{"allow":["GET"]}}],"collection":[{"href":"https:\/\/seapalace.nl\/de\/wp-json\/wp\/v2\/pages"}],"about":[{"href":"https:\/\/seapalace.nl\/de\/wp-json\/wp\/v2\/types\/page"}],"author":[{"embeddable":true,"href":"https:\/\/seapalace.nl\/de\/wp-json\/wp\/v2\/users\/1"}],"replies":[{"embeddable":true,"href":"https:\/\/seapalace.nl\/de\/wp-json\/wp\/v2\/comments?post=15802"}],"version-history":[{"count":1,"href":"https:\/\/seapalace.nl\/de\/wp-json\/wp\/v2\/pages\/15802\/revisions"}],"predecessor-version":[{"id":15803,"href":"https:\/\/seapalace.nl\/de\/wp-json\/wp\/v2\/pages\/15802\/revisions\/15803"}],"wp:attachment":[{"href":"https:\/\/seapalace.nl\/de\/wp-json\/wp\/v2\/media?parent=15802"}],"curies":[{"name":"wp","href":"https:\/\/api.w.org\/{rel}","templated":true}]}}