{"id":15791,"date":"2024-06-14T14:50:48","date_gmt":"2024-06-14T12:50:48","guid":{"rendered":"https:\/\/seapalace.nl\/wegbeschreibung\/"},"modified":"2024-06-17T08:06:39","modified_gmt":"2024-06-17T06:06:39","slug":"wegbeschreibung","status":"publish","type":"page","link":"https:\/\/seapalace.nl\/de\/wegbeschreibung\/","title":{"rendered":"Wegbeschreibung"},"content":{"rendered":"\t\t<div data-elementor-type=\"wp-page\" data-elementor-id=\"15791\" class=\"elementor elementor-15791 elementor-11112\" data-elementor-post-type=\"page\">\n\t\t\t\t\t\t<section class=\"elementor-section elementor-top-section elementor-element elementor-element-4ce8137 ws-hero-section elementor-section-boxed elementor-section-height-default elementor-section-height-default\" data-id=\"4ce8137\" data-element_type=\"section\" data-e-type=\"section\" data-settings=\"{&quot;background_background&quot;:&quot;classic&quot;,&quot;background_motion_fx_motion_fx_scrolling&quot;:&quot;yes&quot;,&quot;background_motion_fx_translateY_effect&quot;:&quot;yes&quot;,&quot;background_motion_fx_translateY_direction&quot;:&quot;negative&quot;,&quot;background_motion_fx_translateY_speed&quot;:{&quot;unit&quot;:&quot;px&quot;,&quot;size&quot;:4,&quot;sizes&quot;:[]},&quot;background_motion_fx_translateY_affectedRange&quot;:{&quot;unit&quot;:&quot;%&quot;,&quot;size&quot;:&quot;&quot;,&quot;sizes&quot;:{&quot;start&quot;:0,&quot;end&quot;:100}},&quot;background_motion_fx_devices&quot;:[&quot;desktop&quot;,&quot;tablet&quot;,&quot;mobile&quot;]}\">\n\t\t\t\t\t\t\t<div class=\"elementor-background-overlay\"><\/div>\n\t\t\t\t\t\t\t<div class=\"elementor-container elementor-column-gap-no\">\n\t\t\t\t\t<div class=\"elementor-column elementor-col-100 elementor-top-column elementor-element elementor-element-919fdfc\" data-id=\"919fdfc\" data-element_type=\"column\" data-e-type=\"column\">\n\t\t\t<div class=\"elementor-widget-wrap elementor-element-populated\">\n\t\t\t\t\t\t<div class=\"elementor-element elementor-element-0ae8eba elementor-widget elementor-widget-heading\" data-id=\"0ae8eba\" data-element_type=\"widget\" data-e-type=\"widget\" data-widget_type=\"heading.default\">\n\t\t\t\t<div class=\"elementor-widget-container\">\n\t\t\t\t\t<h2 class=\"elementor-heading-title elementor-size-default\">Sea Palace<\/h2>\t\t\t\t<\/div>\n\t\t\t\t<\/div>\n\t\t\t\t<div class=\"elementor-element elementor-element-fbeff8c ws-heading-medium elementor-widget elementor-widget-heading\" data-id=\"fbeff8c\" data-element_type=\"widget\" data-e-type=\"widget\" data-widget_type=\"heading.default\">\n\t\t\t\t<div class=\"elementor-widget-container\">\n\t\t\t\t\t<h1 class=\"elementor-heading-title elementor-size-default\">WEGBESCHREIBUNG<\/h1>\t\t\t\t<\/div>\n\t\t\t\t<\/div>\n\t\t\t\t<div class=\"elementor-element elementor-element-b593288 elementor-widget-divider--view-line elementor-widget elementor-widget-divider\" data-id=\"b593288\" data-element_type=\"widget\" data-e-type=\"widget\" data-widget_type=\"divider.default\">\n\t\t\t\t<div class=\"elementor-widget-container\">\n\t\t\t\t\t\t\t<div class=\"elementor-divider\">\n\t\t\t<span class=\"elementor-divider-separator\">\n\t\t\t\t\t\t<\/span>\n\t\t<\/div>\n\t\t\t\t\t\t<\/div>\n\t\t\t\t<\/div>\n\t\t\t\t\t<\/div>\n\t\t<\/div>\n\t\t\t\t\t<\/div>\n\t\t<\/section>\n\t\t\t\t<section class=\"elementor-section elementor-top-section elementor-element elementor-element-c92d44f elementor-section-full_width elementor-section-content-middle elementor-section-height-default elementor-section-height-default\" data-id=\"c92d44f\" data-element_type=\"section\" data-e-type=\"section\" data-settings=\"{&quot;background_background&quot;:&quot;gradient&quot;}\">\n\t\t\t\t\t\t<div class=\"elementor-container elementor-column-gap-no\">\n\t\t\t\t\t<div class=\"elementor-column elementor-col-50 elementor-top-column elementor-element elementor-element-6ddb224\" data-id=\"6ddb224\" data-element_type=\"column\" data-e-type=\"column\">\n\t\t\t<div class=\"elementor-widget-wrap elementor-element-populated\">\n\t\t\t\t\t\t<section class=\"elementor-section elementor-inner-section elementor-element elementor-element-93e3c66 ws-margin-remove-right elementor-section-boxed elementor-section-height-default elementor-section-height-default\" data-id=\"93e3c66\" data-element_type=\"section\" data-e-type=\"section\">\n\t\t\t\t\t\t<div class=\"elementor-container elementor-column-gap-wider\">\n\t\t\t\t\t<div class=\"elementor-column elementor-col-100 elementor-inner-column elementor-element elementor-element-4bc61d6\" data-id=\"4bc61d6\" data-element_type=\"column\" data-e-type=\"column\">\n\t\t\t<div class=\"elementor-widget-wrap elementor-element-populated\">\n\t\t\t\t\t\t<div class=\"elementor-element elementor-element-570e411 elementor-widget elementor-widget-heading\" data-id=\"570e411\" data-element_type=\"widget\" data-e-type=\"widget\" data-widget_type=\"heading.default\">\n\t\t\t\t<div class=\"elementor-widget-container\">\n\t\t\t\t\t<h2 class=\"elementor-heading-title elementor-size-default\">WEGBESCHREIBUNG<\/h2>\t\t\t\t<\/div>\n\t\t\t\t<\/div>\n\t\t\t\t<div class=\"elementor-element elementor-element-b066eb5 elementor-widget-divider--view-line elementor-widget elementor-widget-divider\" data-id=\"b066eb5\" data-element_type=\"widget\" data-e-type=\"widget\" data-widget_type=\"divider.default\">\n\t\t\t\t<div class=\"elementor-widget-container\">\n\t\t\t\t\t\t\t<div class=\"elementor-divider\">\n\t\t\t<span class=\"elementor-divider-separator\">\n\t\t\t\t\t\t<\/span>\n\t\t<\/div>\n\t\t\t\t\t\t<\/div>\n\t\t\t\t<\/div>\n\t\t\t\t<div class=\"elementor-element elementor-element-f1e0bc2 elementor-widget elementor-widget-text-editor\" data-id=\"f1e0bc2\" data-element_type=\"widget\" data-e-type=\"widget\" data-widget_type=\"text-editor.default\">\n\t\t\t\t<div class=\"elementor-widget-container\">\n\t\t\t\t\t\t\t\t\t<p>Sie k\u00f6nnen Sea Palace leicht mit dem Auto oder den \u00f6ffentlichen Verkehrsmitteln erreichen.<\/p>\n<p>Kommen Sie mit dem Auto? Dann k\u00f6nnen Sie Ihr Auto in der Parkgarage <a href=\"https:\/\/www.parkingzentrumamsterdam.de\/\">parkingzentrumamsterdam.de<\/a> oder bei einem P+R rund um Amsterdam parken. Weitere Informationen zu allen m\u00f6glichen P+R finden Sie auf der <a href=\"https:\/\/www.amsterdam.nl\/en\/parking\/park-ride\/\">Website der Gemeinde Amsterdam<\/a>. Vom Amsterdamer Hauptbahnhof sind es 5 Minuten zu Fu\u00df bis zum Sea Palace Amsterdam.<\/p>\n<p>Kommen Sie mit den \u00f6ffentlichen Verkehrsmitteln? Dann ist es ratsam, zum Bahnhof Amsterdam Centraal zu reisen. Sea Palace ist zu Fu\u00df vom Hauptbahnhof aus erreichbar.<\/p>\n<p>Zu Fu\u00df zum Sea Palace: Nachdem Sie die S\u00fcdseite des Hauptbahnhofs erreicht haben, gehen Sie nach Osten in Richtung Wasser (IJmeer). Sea Palace ist ein gro\u00dfes chinesisches Restaurant, das deutlich sichtbar auf einem Schiff im Wasser an der Oosterdokskade liegt.<\/p>\n<p>Sea Palace<br \/>\nOosterdokskade 8<br \/>\n1011 AE Amsterdam<\/p>\n<p><a href=\"tel:+31206264777\">020 626 4777<\/a><br \/>\n<a href=\"mailto:info@seapalace.nl\">info@seapalace.nl<\/a><\/p>\n\t\t\t\t\t\t\t\t<\/div>\n\t\t\t\t<\/div>\n\t\t\t\t<div class=\"elementor-element elementor-element-b94937e elementor-align-left elementor-widget elementor-widget-button\" data-id=\"b94937e\" data-element_type=\"widget\" data-e-type=\"widget\" data-widget_type=\"button.default\">\n\t\t\t\t<div class=\"elementor-widget-container\">\n\t\t\t\t\t\t\t\t\t<div class=\"elementor-button-wrapper\">\n\t\t\t\t\t<a class=\"elementor-button elementor-button-link elementor-size-sm\" href=\"https:\/\/www.google.com\/maps?gs_lcrp=EgZjaHJvbWUyBggAEEUYOTIGCAEQRRg7MgYIAhBFGDsyBggDEEUYOzIGCAQQRRg8MgYIBRBFGDwyBggGEEUYPNIBCDU1ODNqMGoxqAIAsAIA&#038;um=1&#038;ie=UTF-8&#038;fb=1&#038;gl=nl&#038;sa=X&#038;geocode=KRvLwLi6CcZHMSLmzEnz6ux_&#038;daddr=Oosterdokskade+8,+1011+AE+Amsterdam\" target=\"_blank\">\n\t\t\t\t\t\t<span class=\"elementor-button-content-wrapper\">\n\t\t\t\t\t\t\t\t\t<span class=\"elementor-button-text\">Wegbeschreibung<\/span>\n\t\t\t\t\t<\/span>\n\t\t\t\t\t<\/a>\n\t\t\t\t<\/div>\n\t\t\t\t\t\t\t\t<\/div>\n\t\t\t\t<\/div>\n\t\t\t\t\t<\/div>\n\t\t<\/div>\n\t\t\t\t\t<\/div>\n\t\t<\/section>\n\t\t\t\t\t<\/div>\n\t\t<\/div>\n\t\t\t\t<div class=\"elementor-column elementor-col-50 elementor-top-column elementor-element elementor-element-70a31e6\" data-id=\"70a31e6\" data-element_type=\"column\" data-e-type=\"column\">\n\t\t\t<div class=\"elementor-widget-wrap elementor-element-populated\">\n\t\t\t\t\t\t<div class=\"elementor-element elementor-element-43c7b18 sp-background sp-dark sp-bottom-left elementor-widget elementor-widget-image\" data-id=\"43c7b18\" data-element_type=\"widget\" data-e-type=\"widget\" data-widget_type=\"image.default\">\n\t\t\t\t<div class=\"elementor-widget-container\">\n\t\t\t\t\t\t\t\t\t\t\t\t\t\t\t<img fetchpriority=\"high\" decoding=\"async\" width=\"1200\" height=\"906\" src=\"https:\/\/seapalace.nl\/wp-content\/uploads\/2020\/03\/SeaPalaceAmsterdam-evening-01.jpg\" class=\"attachment-full size-full wp-image-15811\" alt=\"\" srcset=\"https:\/\/seapalace.nl\/wp-content\/uploads\/2020\/03\/SeaPalaceAmsterdam-evening-01.jpg 1200w, https:\/\/seapalace.nl\/wp-content\/uploads\/2020\/03\/SeaPalaceAmsterdam-evening-01-300x227.jpg 300w, https:\/\/seapalace.nl\/wp-content\/uploads\/2020\/03\/SeaPalaceAmsterdam-evening-01-1024x773.jpg 1024w, https:\/\/seapalace.nl\/wp-content\/uploads\/2020\/03\/SeaPalaceAmsterdam-evening-01-768x580.jpg 768w\" sizes=\"(max-width: 1200px) 100vw, 1200px\" \/>\t\t\t\t\t\t\t\t\t\t\t\t\t\t\t<\/div>\n\t\t\t\t<\/div>\n\t\t\t\t\t<\/div>\n\t\t<\/div>\n\t\t\t\t\t<\/div>\n\t\t<\/section>\n\t\t\t\t<section class=\"elementor-section elementor-top-section elementor-element elementor-element-177b0bd elementor-section-boxed elementor-section-height-default elementor-section-height-default\" data-id=\"177b0bd\" data-element_type=\"section\" data-e-type=\"section\" data-settings=\"{&quot;background_background&quot;:&quot;classic&quot;}\">\n\t\t\t\t\t\t<div class=\"elementor-container elementor-column-gap-default\">\n\t\t\t\t\t<div class=\"elementor-column elementor-col-100 elementor-top-column elementor-element elementor-element-1d2a8d1\" data-id=\"1d2a8d1\" data-element_type=\"column\" data-e-type=\"column\">\n\t\t\t<div class=\"elementor-widget-wrap elementor-element-populated\">\n\t\t\t\t\t\t<div class=\"elementor-element elementor-element-9703673 elementor-widget elementor-widget-heading\" data-id=\"9703673\" data-element_type=\"widget\" data-e-type=\"widget\" data-widget_type=\"heading.default\">\n\t\t\t\t<div class=\"elementor-widget-container\">\n\t\t\t\t\t<h2 class=\"elementor-heading-title elementor-size-default\"><span class=\"ws-font-light\">KONTAKTIEREN<\/span> SIE UNS<\/h2>\t\t\t\t<\/div>\n\t\t\t\t<\/div>\n\t\t\t\t<div class=\"elementor-element elementor-element-33978b7 elementor-widget-divider--view-line elementor-widget elementor-widget-divider\" data-id=\"33978b7\" data-element_type=\"widget\" data-e-type=\"widget\" data-widget_type=\"divider.default\">\n\t\t\t\t<div class=\"elementor-widget-container\">\n\t\t\t\t\t\t\t<div class=\"elementor-divider\">\n\t\t\t<span class=\"elementor-divider-separator\">\n\t\t\t\t\t\t<\/span>\n\t\t<\/div>\n\t\t\t\t\t\t<\/div>\n\t\t\t\t<\/div>\n\t\t\t\t<div class=\"elementor-element elementor-element-a419cc0 elementor-button-align-end elementor-widget elementor-widget-form\" data-id=\"a419cc0\" data-element_type=\"widget\" data-e-type=\"widget\" data-settings=\"{&quot;step_next_label&quot;:&quot;Next&quot;,&quot;step_previous_label&quot;:&quot;Previous&quot;,&quot;button_width&quot;:&quot;100&quot;,&quot;step_type&quot;:&quot;number_text&quot;,&quot;step_icon_shape&quot;:&quot;circle&quot;}\" data-widget_type=\"form.default\">\n\t\t\t\t<div class=\"elementor-widget-container\">\n\t\t\t\t\t\t\t<form class=\"elementor-form\" method=\"post\" name=\"Kontakt\" aria-label=\"Kontakt\">\n\t\t\t<input type=\"hidden\" name=\"post_id\" value=\"15791\"\/>\n\t\t\t<input type=\"hidden\" name=\"form_id\" value=\"a419cc0\"\/>\n\t\t\t<input type=\"hidden\" name=\"referer_title\" value=\"Wegbeschreibung - Sea Palace\" \/>\n\n\t\t\t\t\t\t\t<input type=\"hidden\" name=\"queried_id\" value=\"15791\"\/>\n\t\t\t\n\t\t\t<div class=\"elementor-form-fields-wrapper elementor-labels-\">\n\t\t\t\t\t\t\t\t<div class=\"elementor-field-type-text elementor-field-group elementor-column elementor-field-group-voornaam elementor-col-33 elementor-field-required\">\n\t\t\t\t\t\t\t\t\t\t\t\t<label for=\"form-field-voornaam\" class=\"elementor-field-label elementor-screen-only\">\n\t\t\t\t\t\t\t\tVorname \t\t\t\t\t\t\t<\/label>\n\t\t\t\t\t\t\t\t\t\t\t\t\t\t<input size=\"1\" type=\"text\" name=\"form_fields[voornaam]\" id=\"form-field-voornaam\" class=\"elementor-field elementor-size-sm  elementor-field-textual\" placeholder=\"Vorname *\" required=\"required\">\n\t\t\t\t\t\t\t\t\t\t\t<\/div>\n\t\t\t\t\t\t\t\t<div class=\"elementor-field-type-text elementor-field-group elementor-column elementor-field-group-achternaam elementor-col-33 elementor-field-required\">\n\t\t\t\t\t\t\t\t\t\t\t\t<label for=\"form-field-achternaam\" class=\"elementor-field-label elementor-screen-only\">\n\t\t\t\t\t\t\t\tNachname\t\t\t\t\t\t\t<\/label>\n\t\t\t\t\t\t\t\t\t\t\t\t\t\t<input size=\"1\" type=\"text\" name=\"form_fields[achternaam]\" id=\"form-field-achternaam\" class=\"elementor-field elementor-size-sm  elementor-field-textual\" placeholder=\"Nachname *\" required=\"required\">\n\t\t\t\t\t\t\t\t\t\t\t<\/div>\n\t\t\t\t\t\t\t\t<div class=\"elementor-field-type-email elementor-field-group elementor-column elementor-field-group-email elementor-col-33 elementor-field-required\">\n\t\t\t\t\t\t\t\t\t\t\t\t<label for=\"form-field-email\" class=\"elementor-field-label elementor-screen-only\">\n\t\t\t\t\t\t\t\tE-mail\t\t\t\t\t\t\t<\/label>\n\t\t\t\t\t\t\t\t\t\t\t\t\t\t<input size=\"1\" type=\"email\" name=\"form_fields[email]\" id=\"form-field-email\" class=\"elementor-field elementor-size-sm  elementor-field-textual\" placeholder=\"E-mail *\" required=\"required\">\n\t\t\t\t\t\t\t\t\t\t\t<\/div>\n\t\t\t\t\t\t\t\t<div class=\"elementor-field-type-textarea elementor-field-group elementor-column elementor-field-group-message elementor-col-100 elementor-field-required\">\n\t\t\t\t\t\t\t\t\t\t\t\t<label for=\"form-field-message\" class=\"elementor-field-label elementor-screen-only\">\n\t\t\t\t\t\t\t\tNachricht\t\t\t\t\t\t\t<\/label>\n\t\t\t\t\t\t<textarea class=\"elementor-field-textual elementor-field  elementor-size-sm\" name=\"form_fields[message]\" id=\"form-field-message\" rows=\"8\" placeholder=\"Nachricht *\" required=\"required\"><\/textarea>\t\t\t\t<\/div>\n\t\t\t\t\t\t\t\t<div class=\"elementor-field-group elementor-column elementor-field-type-submit elementor-col-100 e-form__buttons\">\n\t\t\t\t\t<button class=\"elementor-button elementor-size-sm\" type=\"submit\">\n\t\t\t\t\t\t<span class=\"elementor-button-content-wrapper\">\n\t\t\t\t\t\t\t\t\t\t\t\t\t\t\t\t\t\t\t\t\t\t<span class=\"elementor-button-text\">ABSENDEN<\/span>\n\t\t\t\t\t\t\t\t\t\t\t\t\t<\/span>\n\t\t\t\t\t<\/button>\n\t\t\t\t<\/div>\n\t\t\t<\/div>\n\t\t<input\n                    class=\"apbct_special_field apbct_email_id__elementor_form\"\n                    name=\"apbct__email_id__elementor_form\"\n                    aria-label=\"apbct__label_id__elementor_form\"\n                    type=\"text\" size=\"30\" maxlength=\"200\" autocomplete=\"off\"\n                    value=\"\"\n                \/><\/form>\n\t\t\t\t\t\t<\/div>\n\t\t\t\t<\/div>\n\t\t\t\t\t<\/div>\n\t\t<\/div>\n\t\t\t\t\t<\/div>\n\t\t<\/section>\n\t\t\t\t<section class=\"elementor-section elementor-top-section elementor-element elementor-element-5aac03b elementor-section-boxed elementor-section-height-default elementor-section-height-default\" data-id=\"5aac03b\" data-element_type=\"section\" data-e-type=\"section\" data-settings=\"{&quot;background_background&quot;:&quot;classic&quot;}\">\n\t\t\t\t\t\t<div class=\"elementor-container elementor-column-gap-no\">\n\t\t\t\t\t<div class=\"elementor-column elementor-col-100 elementor-top-column elementor-element elementor-element-137b5dc\" data-id=\"137b5dc\" data-element_type=\"column\" data-e-type=\"column\">\n\t\t\t<div class=\"elementor-widget-wrap elementor-element-populated\">\n\t\t\t\t\t\t<div class=\"elementor-element elementor-element-dd1db72 elementor-widget elementor-widget-spacer\" data-id=\"dd1db72\" data-element_type=\"widget\" data-e-type=\"widget\" data-widget_type=\"spacer.default\">\n\t\t\t\t<div class=\"elementor-widget-container\">\n\t\t\t\t\t\t\t<div class=\"elementor-spacer\">\n\t\t\t<div class=\"elementor-spacer-inner\"><\/div>\n\t\t<\/div>\n\t\t\t\t\t\t<\/div>\n\t\t\t\t<\/div>\n\t\t\t\t<div class=\"elementor-element elementor-element-7d05436 elementor-absolute elementor-widget elementor-widget-image\" data-id=\"7d05436\" data-element_type=\"widget\" data-e-type=\"widget\" data-settings=\"{&quot;_position&quot;:&quot;absolute&quot;}\" data-widget_type=\"image.default\">\n\t\t\t\t<div class=\"elementor-widget-container\">\n\t\t\t\t\t\t\t\t\t\t\t\t\t\t\t<img decoding=\"async\" width=\"300\" height=\"250\" src=\"https:\/\/seapalace.nl\/wp-content\/uploads\/2020\/03\/SeaPalace-logo-white-shadow.png\" class=\"attachment-full size-full wp-image-15812\" alt=\"\" \/>\t\t\t\t\t\t\t\t\t\t\t\t\t\t\t<\/div>\n\t\t\t\t<\/div>\n\t\t\t\t\t<\/div>\n\t\t<\/div>\n\t\t\t\t\t<\/div>\n\t\t<\/section>\n\t\t\t\t<\/div>\n\t\t","protected":false},"excerpt":{"rendered":"Sea Palace WEGBESCHREIBUNG WEGBESCHREIBUNG Sie k\u00f6nnen Sea Palace leicht mit dem Auto oder den \u00f6ffentlichen Verkehrsmitteln erreichen. Kommen Sie mit dem Auto? Dann&#8230;","protected":false},"author":2,"featured_media":0,"parent":0,"menu_order":0,"comment_status":"closed","ping_status":"closed","template":"","meta":{"footnotes":""},"class_list":["post-15791","page","type-page","status-publish","hentry"],"yoast_head":"<!-- This site is optimized with the Yoast SEO plugin v27.3 - https:\/\/yoast.com\/product\/yoast-seo-wordpress\/ -->\n<title>Wegbeschreibung - Sea Palace<\/title>\n<meta name=\"description\" content=\"Wegbeschreibung Sea Palace Amsterdam? Das Restaurant liegt neben dem Amsterdamer Hauptbahnhof. Hier finden Sie die Wegbeschreibung!\" \/>\n<meta name=\"robots\" content=\"index, follow, max-snippet:-1, max-image-preview:large, max-video-preview:-1\" \/>\n<link rel=\"canonical\" href=\"https:\/\/seapalace.nl\/de\/wegbeschreibung\/\" \/>\n<meta property=\"og:locale\" content=\"de_DE\" \/>\n<meta property=\"og:type\" content=\"article\" \/>\n<meta property=\"og:title\" content=\"Wegbeschreibung - Sea Palace\" \/>\n<meta property=\"og:description\" content=\"Wegbeschreibung Sea Palace Amsterdam? Das Restaurant liegt neben dem Amsterdamer Hauptbahnhof. Hier finden Sie die Wegbeschreibung!\" \/>\n<meta property=\"og:url\" content=\"https:\/\/seapalace.nl\/de\/wegbeschreibung\/\" \/>\n<meta property=\"og:site_name\" content=\"Sea Palace\" \/>\n<meta property=\"article:modified_time\" content=\"2024-06-17T06:06:39+00:00\" \/>\n<meta property=\"og:image\" content=\"https:\/\/seapalace.nl\/wp-content\/uploads\/2020\/03\/SeaPalaceAmsterdam-evening-01.jpg\" \/>\n<meta name=\"twitter:card\" content=\"summary_large_image\" \/>\n<meta name=\"twitter:label1\" content=\"Gesch\u00e4tzte Lesezeit\" \/>\n\t<meta name=\"twitter:data1\" content=\"1\u00a0Minute\" \/>\n<script type=\"application\/ld+json\" class=\"yoast-schema-graph\">{\"@context\":\"https:\\\/\\\/schema.org\",\"@graph\":[{\"@type\":\"WebPage\",\"@id\":\"https:\\\/\\\/seapalace.nl\\\/de\\\/wegbeschreibung\\\/\",\"url\":\"https:\\\/\\\/seapalace.nl\\\/de\\\/wegbeschreibung\\\/\",\"name\":\"Wegbeschreibung - Sea Palace\",\"isPartOf\":{\"@id\":\"https:\\\/\\\/seapalace.nl\\\/de\\\/#website\"},\"primaryImageOfPage\":{\"@id\":\"https:\\\/\\\/seapalace.nl\\\/de\\\/wegbeschreibung\\\/#primaryimage\"},\"image\":{\"@id\":\"https:\\\/\\\/seapalace.nl\\\/de\\\/wegbeschreibung\\\/#primaryimage\"},\"thumbnailUrl\":\"https:\\\/\\\/seapalace.nl\\\/wp-content\\\/uploads\\\/2020\\\/03\\\/SeaPalaceAmsterdam-evening-01.jpg\",\"datePublished\":\"2024-06-14T12:50:48+00:00\",\"dateModified\":\"2024-06-17T06:06:39+00:00\",\"description\":\"Wegbeschreibung Sea Palace Amsterdam? Das Restaurant liegt neben dem Amsterdamer Hauptbahnhof. Hier finden Sie die Wegbeschreibung!\",\"breadcrumb\":{\"@id\":\"https:\\\/\\\/seapalace.nl\\\/de\\\/wegbeschreibung\\\/#breadcrumb\"},\"inLanguage\":\"de\",\"potentialAction\":[{\"@type\":\"ReadAction\",\"target\":[\"https:\\\/\\\/seapalace.nl\\\/de\\\/wegbeschreibung\\\/\"]}]},{\"@type\":\"ImageObject\",\"inLanguage\":\"de\",\"@id\":\"https:\\\/\\\/seapalace.nl\\\/de\\\/wegbeschreibung\\\/#primaryimage\",\"url\":\"https:\\\/\\\/seapalace.nl\\\/wp-content\\\/uploads\\\/2020\\\/03\\\/SeaPalaceAmsterdam-evening-01.jpg\",\"contentUrl\":\"https:\\\/\\\/seapalace.nl\\\/wp-content\\\/uploads\\\/2020\\\/03\\\/SeaPalaceAmsterdam-evening-01.jpg\"},{\"@type\":\"BreadcrumbList\",\"@id\":\"https:\\\/\\\/seapalace.nl\\\/de\\\/wegbeschreibung\\\/#breadcrumb\",\"itemListElement\":[{\"@type\":\"ListItem\",\"position\":1,\"name\":\"Home\",\"item\":\"https:\\\/\\\/seapalace.nl\\\/de\\\/\"},{\"@type\":\"ListItem\",\"position\":2,\"name\":\"Wegbeschreibung\"}]},{\"@type\":\"WebSite\",\"@id\":\"https:\\\/\\\/seapalace.nl\\\/de\\\/#website\",\"url\":\"https:\\\/\\\/seapalace.nl\\\/de\\\/\",\"name\":\"Sea Palace\",\"description\":\"Dim Sum Restaurant\",\"publisher\":{\"@id\":\"https:\\\/\\\/seapalace.nl\\\/de\\\/#organization\"},\"potentialAction\":[{\"@type\":\"SearchAction\",\"target\":{\"@type\":\"EntryPoint\",\"urlTemplate\":\"https:\\\/\\\/seapalace.nl\\\/de\\\/?s={search_term_string}\"},\"query-input\":{\"@type\":\"PropertyValueSpecification\",\"valueRequired\":true,\"valueName\":\"search_term_string\"}}],\"inLanguage\":\"de\"},{\"@type\":\"Organization\",\"@id\":\"https:\\\/\\\/seapalace.nl\\\/de\\\/#organization\",\"name\":\"Sea Palace\",\"url\":\"https:\\\/\\\/seapalace.nl\\\/de\\\/\",\"logo\":{\"@type\":\"ImageObject\",\"inLanguage\":\"de\",\"@id\":\"https:\\\/\\\/seapalace.nl\\\/de\\\/#\\\/schema\\\/logo\\\/image\\\/\",\"url\":\"https:\\\/\\\/seapalace.nl\\\/wp-content\\\/uploads\\\/2020\\\/04\\\/2020-03-16_1354.png\",\"contentUrl\":\"https:\\\/\\\/seapalace.nl\\\/wp-content\\\/uploads\\\/2020\\\/04\\\/2020-03-16_1354.png\",\"width\":166,\"height\":160,\"caption\":\"Sea Palace\"},\"image\":{\"@id\":\"https:\\\/\\\/seapalace.nl\\\/de\\\/#\\\/schema\\\/logo\\\/image\\\/\"}}]}<\/script>\n<!-- \/ Yoast SEO plugin. -->","yoast_head_json":{"title":"Wegbeschreibung - Sea Palace","description":"Wegbeschreibung Sea Palace Amsterdam? Das Restaurant liegt neben dem Amsterdamer Hauptbahnhof. Hier finden Sie die Wegbeschreibung!","robots":{"index":"index","follow":"follow","max-snippet":"max-snippet:-1","max-image-preview":"max-image-preview:large","max-video-preview":"max-video-preview:-1"},"canonical":"https:\/\/seapalace.nl\/de\/wegbeschreibung\/","og_locale":"de_DE","og_type":"article","og_title":"Wegbeschreibung - Sea Palace","og_description":"Wegbeschreibung Sea Palace Amsterdam? Das Restaurant liegt neben dem Amsterdamer Hauptbahnhof. Hier finden Sie die Wegbeschreibung!","og_url":"https:\/\/seapalace.nl\/de\/wegbeschreibung\/","og_site_name":"Sea Palace","article_modified_time":"2024-06-17T06:06:39+00:00","og_image":[{"url":"https:\/\/seapalace.nl\/wp-content\/uploads\/2020\/03\/SeaPalaceAmsterdam-evening-01.jpg","type":"","width":"","height":""}],"twitter_card":"summary_large_image","twitter_misc":{"Gesch\u00e4tzte Lesezeit":"1\u00a0Minute"},"schema":{"@context":"https:\/\/schema.org","@graph":[{"@type":"WebPage","@id":"https:\/\/seapalace.nl\/de\/wegbeschreibung\/","url":"https:\/\/seapalace.nl\/de\/wegbeschreibung\/","name":"Wegbeschreibung - Sea Palace","isPartOf":{"@id":"https:\/\/seapalace.nl\/de\/#website"},"primaryImageOfPage":{"@id":"https:\/\/seapalace.nl\/de\/wegbeschreibung\/#primaryimage"},"image":{"@id":"https:\/\/seapalace.nl\/de\/wegbeschreibung\/#primaryimage"},"thumbnailUrl":"https:\/\/seapalace.nl\/wp-content\/uploads\/2020\/03\/SeaPalaceAmsterdam-evening-01.jpg","datePublished":"2024-06-14T12:50:48+00:00","dateModified":"2024-06-17T06:06:39+00:00","description":"Wegbeschreibung Sea Palace Amsterdam? Das Restaurant liegt neben dem Amsterdamer Hauptbahnhof. Hier finden Sie die Wegbeschreibung!","breadcrumb":{"@id":"https:\/\/seapalace.nl\/de\/wegbeschreibung\/#breadcrumb"},"inLanguage":"de","potentialAction":[{"@type":"ReadAction","target":["https:\/\/seapalace.nl\/de\/wegbeschreibung\/"]}]},{"@type":"ImageObject","inLanguage":"de","@id":"https:\/\/seapalace.nl\/de\/wegbeschreibung\/#primaryimage","url":"https:\/\/seapalace.nl\/wp-content\/uploads\/2020\/03\/SeaPalaceAmsterdam-evening-01.jpg","contentUrl":"https:\/\/seapalace.nl\/wp-content\/uploads\/2020\/03\/SeaPalaceAmsterdam-evening-01.jpg"},{"@type":"BreadcrumbList","@id":"https:\/\/seapalace.nl\/de\/wegbeschreibung\/#breadcrumb","itemListElement":[{"@type":"ListItem","position":1,"name":"Home","item":"https:\/\/seapalace.nl\/de\/"},{"@type":"ListItem","position":2,"name":"Wegbeschreibung"}]},{"@type":"WebSite","@id":"https:\/\/seapalace.nl\/de\/#website","url":"https:\/\/seapalace.nl\/de\/","name":"Sea Palace","description":"Dim Sum Restaurant","publisher":{"@id":"https:\/\/seapalace.nl\/de\/#organization"},"potentialAction":[{"@type":"SearchAction","target":{"@type":"EntryPoint","urlTemplate":"https:\/\/seapalace.nl\/de\/?s={search_term_string}"},"query-input":{"@type":"PropertyValueSpecification","valueRequired":true,"valueName":"search_term_string"}}],"inLanguage":"de"},{"@type":"Organization","@id":"https:\/\/seapalace.nl\/de\/#organization","name":"Sea Palace","url":"https:\/\/seapalace.nl\/de\/","logo":{"@type":"ImageObject","inLanguage":"de","@id":"https:\/\/seapalace.nl\/de\/#\/schema\/logo\/image\/","url":"https:\/\/seapalace.nl\/wp-content\/uploads\/2020\/04\/2020-03-16_1354.png","contentUrl":"https:\/\/seapalace.nl\/wp-content\/uploads\/2020\/04\/2020-03-16_1354.png","width":166,"height":160,"caption":"Sea Palace"},"image":{"@id":"https:\/\/seapalace.nl\/de\/#\/schema\/logo\/image\/"}}]}},"_links":{"self":[{"href":"https:\/\/seapalace.nl\/de\/wp-json\/wp\/v2\/pages\/15791","targetHints":{"allow":["GET"]}}],"collection":[{"href":"https:\/\/seapalace.nl\/de\/wp-json\/wp\/v2\/pages"}],"about":[{"href":"https:\/\/seapalace.nl\/de\/wp-json\/wp\/v2\/types\/page"}],"author":[{"embeddable":true,"href":"https:\/\/seapalace.nl\/de\/wp-json\/wp\/v2\/users\/2"}],"replies":[{"embeddable":true,"href":"https:\/\/seapalace.nl\/de\/wp-json\/wp\/v2\/comments?post=15791"}],"version-history":[{"count":3,"href":"https:\/\/seapalace.nl\/de\/wp-json\/wp\/v2\/pages\/15791\/revisions"}],"predecessor-version":[{"id":15941,"href":"https:\/\/seapalace.nl\/de\/wp-json\/wp\/v2\/pages\/15791\/revisions\/15941"}],"wp:attachment":[{"href":"https:\/\/seapalace.nl\/de\/wp-json\/wp\/v2\/media?parent=15791"}],"curies":[{"name":"wp","href":"https:\/\/api.w.org\/{rel}","templated":true}]}}