{"id":15777,"date":"2024-06-14T14:35:52","date_gmt":"2024-06-14T12:35:52","guid":{"rendered":"https:\/\/seapalace.nl\/diner\/"},"modified":"2024-06-14T14:35:53","modified_gmt":"2024-06-14T12:35:53","slug":"diner","status":"publish","type":"page","link":"https:\/\/seapalace.nl\/de\/diner\/","title":{"rendered":"Diner"},"content":{"rendered":"\t\t<div data-elementor-type=\"wp-page\" data-elementor-id=\"15777\" class=\"elementor elementor-15777 elementor-395\" data-elementor-post-type=\"page\">\n\t\t\t\t\t\t<section class=\"elementor-section elementor-top-section elementor-element elementor-element-f48c290 ws-hero-section elementor-section-boxed elementor-section-height-default elementor-section-height-default\" data-id=\"f48c290\" data-element_type=\"section\" data-e-type=\"section\" data-settings=\"{&quot;background_background&quot;:&quot;classic&quot;,&quot;background_motion_fx_motion_fx_scrolling&quot;:&quot;yes&quot;,&quot;background_motion_fx_translateY_effect&quot;:&quot;yes&quot;,&quot;background_motion_fx_translateY_direction&quot;:&quot;negative&quot;,&quot;background_motion_fx_translateY_speed&quot;:{&quot;unit&quot;:&quot;px&quot;,&quot;size&quot;:4,&quot;sizes&quot;:[]},&quot;background_motion_fx_translateY_affectedRange&quot;:{&quot;unit&quot;:&quot;%&quot;,&quot;size&quot;:&quot;&quot;,&quot;sizes&quot;:{&quot;start&quot;:0,&quot;end&quot;:100}},&quot;background_motion_fx_devices&quot;:[&quot;desktop&quot;,&quot;tablet&quot;,&quot;mobile&quot;]}\">\n\t\t\t\t\t\t\t<div class=\"elementor-background-overlay\"><\/div>\n\t\t\t\t\t\t\t<div class=\"elementor-container elementor-column-gap-no\">\n\t\t\t\t\t<div class=\"elementor-column elementor-col-100 elementor-top-column elementor-element elementor-element-fde547f\" data-id=\"fde547f\" data-element_type=\"column\" data-e-type=\"column\">\n\t\t\t<div class=\"elementor-widget-wrap elementor-element-populated\">\n\t\t\t\t\t\t<div class=\"elementor-element elementor-element-c14bcf5 elementor-widget elementor-widget-heading\" data-id=\"c14bcf5\" data-element_type=\"widget\" data-e-type=\"widget\" data-widget_type=\"heading.default\">\n\t\t\t\t<div class=\"elementor-widget-container\">\n\t\t\t\t\t<h2 class=\"elementor-heading-title elementor-size-default\">Chinesisches Restaurant<\/h2>\t\t\t\t<\/div>\n\t\t\t\t<\/div>\n\t\t\t\t<div class=\"elementor-element elementor-element-a7b26de ws-heading-medium elementor-widget elementor-widget-heading\" data-id=\"a7b26de\" data-element_type=\"widget\" data-e-type=\"widget\" data-widget_type=\"heading.default\">\n\t\t\t\t<div class=\"elementor-widget-container\">\n\t\t\t\t\t<h1 class=\"elementor-heading-title elementor-size-default\">AMSTERDAM<\/h1>\t\t\t\t<\/div>\n\t\t\t\t<\/div>\n\t\t\t\t<div class=\"elementor-element elementor-element-359e22a elementor-widget-divider--view-line elementor-widget elementor-widget-divider\" data-id=\"359e22a\" data-element_type=\"widget\" data-e-type=\"widget\" data-widget_type=\"divider.default\">\n\t\t\t\t<div class=\"elementor-widget-container\">\n\t\t\t\t\t\t\t<div class=\"elementor-divider\">\n\t\t\t<span class=\"elementor-divider-separator\">\n\t\t\t\t\t\t<\/span>\n\t\t<\/div>\n\t\t\t\t\t\t<\/div>\n\t\t\t\t<\/div>\n\t\t\t\t<div class=\"elementor-element elementor-element-06e76c9 elementor-align-center elementor-widget elementor-widget-button\" data-id=\"06e76c9\" data-element_type=\"widget\" data-e-type=\"widget\" data-widget_type=\"button.default\">\n\t\t\t\t<div class=\"elementor-widget-container\">\n\t\t\t\t\t\t\t\t\t<div class=\"elementor-button-wrapper\">\n\t\t\t\t\t<a class=\"elementor-button elementor-button-link elementor-size-md\" href=\"https:\/\/seapalace.nl\/menu\/\" target=\"_blank\">\n\t\t\t\t\t\t<span class=\"elementor-button-content-wrapper\">\n\t\t\t\t\t\t\t\t\t<span class=\"elementor-button-text\">SCHAUE DIE SPEISEKARTE AN<\/span>\n\t\t\t\t\t<\/span>\n\t\t\t\t\t<\/a>\n\t\t\t\t<\/div>\n\t\t\t\t\t\t\t\t<\/div>\n\t\t\t\t<\/div>\n\t\t\t\t\t<\/div>\n\t\t<\/div>\n\t\t\t\t\t<\/div>\n\t\t<\/section>\n\t\t\t\t<section class=\"elementor-section elementor-top-section elementor-element elementor-element-e84d540 elementor-section-boxed elementor-section-height-default elementor-section-height-default\" data-id=\"e84d540\" data-element_type=\"section\" data-e-type=\"section\">\n\t\t\t\t\t\t<div class=\"elementor-container elementor-column-gap-default\">\n\t\t\t\t\t<div class=\"elementor-column elementor-col-100 elementor-top-column elementor-element elementor-element-c3e28e3\" data-id=\"c3e28e3\" data-element_type=\"column\" data-e-type=\"column\">\n\t\t\t<div class=\"elementor-widget-wrap elementor-element-populated\">\n\t\t\t\t\t\t<div class=\"elementor-element elementor-element-019c2df elementor-widget elementor-widget-heading\" data-id=\"019c2df\" data-element_type=\"widget\" data-e-type=\"widget\" data-widget_type=\"heading.default\">\n\t\t\t\t<div class=\"elementor-widget-container\">\n\t\t\t\t\t<h2 class=\"elementor-heading-title elementor-size-default\"><span style=\"font-weight: 300\">SHARED <\/span>DINING<\/h2>\t\t\t\t<\/div>\n\t\t\t\t<\/div>\n\t\t\t\t<div class=\"elementor-element elementor-element-57ed779 elementor-widget-divider--view-line elementor-widget elementor-widget-divider\" data-id=\"57ed779\" data-element_type=\"widget\" data-e-type=\"widget\" data-widget_type=\"divider.default\">\n\t\t\t\t<div class=\"elementor-widget-container\">\n\t\t\t\t\t\t\t<div class=\"elementor-divider\">\n\t\t\t<span class=\"elementor-divider-separator\">\n\t\t\t\t\t\t<\/span>\n\t\t<\/div>\n\t\t\t\t\t\t<\/div>\n\t\t\t\t<\/div>\n\t\t\t\t<div class=\"elementor-element elementor-element-2f3930f elementor-widget elementor-widget-text-editor\" data-id=\"2f3930f\" data-element_type=\"widget\" data-e-type=\"widget\" data-widget_type=\"text-editor.default\">\n\t\t\t\t<div class=\"elementor-widget-container\">\n\t\t\t\t\t\t\t\t\t<p>Das Abendessen wird nach dem Prinzip des Shared Dining serviert. Alles, was bestellt wird, teilen Sie mit Ihren Tischgenossen. Dies gibt Ihnen die M\u00f6glichkeit, die verschiedenen Geschmacksrichtungen Chinas zu probieren und sorgt f\u00fcr eine gem\u00fctliche und ungezwungene Atmosph\u00e4re.<\/p>\n\t\t\t\t\t\t\t\t<\/div>\n\t\t\t\t<\/div>\n\t\t\t\t\t<\/div>\n\t\t<\/div>\n\t\t\t\t\t<\/div>\n\t\t<\/section>\n\t\t\t\t<section class=\"elementor-section elementor-top-section elementor-element elementor-element-17afe37 elementor-section-full_width elementor-section-height-default elementor-section-height-default\" data-id=\"17afe37\" data-element_type=\"section\" data-e-type=\"section\">\n\t\t\t\t\t\t\t<div class=\"elementor-background-overlay\"><\/div>\n\t\t\t\t\t\t\t<div class=\"elementor-container elementor-column-gap-default\">\n\t\t\t\t\t<div class=\"elementor-column elementor-col-100 elementor-top-column elementor-element elementor-element-b9dade7\" data-id=\"b9dade7\" data-element_type=\"column\" data-e-type=\"column\">\n\t\t\t<div class=\"elementor-widget-wrap elementor-element-populated\">\n\t\t\t\t\t\t<section class=\"elementor-section elementor-inner-section elementor-element elementor-element-c89ea2c elementor-section-content-middle elementor-section-boxed elementor-section-height-default elementor-section-height-default\" data-id=\"c89ea2c\" data-element_type=\"section\" data-e-type=\"section\">\n\t\t\t\t\t\t<div class=\"elementor-container elementor-column-gap-wider\">\n\t\t\t\t\t<div class=\"elementor-column elementor-col-50 elementor-inner-column elementor-element elementor-element-75489e0\" data-id=\"75489e0\" data-element_type=\"column\" data-e-type=\"column\">\n\t\t\t<div class=\"elementor-widget-wrap elementor-element-populated\">\n\t\t\t\t\t\t<div class=\"elementor-element elementor-element-4c3d6fe elementor-widget elementor-widget-heading\" data-id=\"4c3d6fe\" data-element_type=\"widget\" data-e-type=\"widget\" data-widget_type=\"heading.default\">\n\t\t\t\t<div class=\"elementor-widget-container\">\n\t\t\t\t\t<h2 class=\"elementor-heading-title elementor-size-default\"><span class=\"ws-font-light\">AUTHENTISCH<\/span><br>CHINESISCHE GERICHTE<\/h2>\t\t\t\t<\/div>\n\t\t\t\t<\/div>\n\t\t\t\t<div class=\"elementor-element elementor-element-de3cc7c elementor-widget-divider--view-line elementor-widget elementor-widget-divider\" data-id=\"de3cc7c\" data-element_type=\"widget\" data-e-type=\"widget\" data-widget_type=\"divider.default\">\n\t\t\t\t<div class=\"elementor-widget-container\">\n\t\t\t\t\t\t\t<div class=\"elementor-divider\">\n\t\t\t<span class=\"elementor-divider-separator\">\n\t\t\t\t\t\t<\/span>\n\t\t<\/div>\n\t\t\t\t\t\t<\/div>\n\t\t\t\t<\/div>\n\t\t\t\t<div class=\"elementor-element elementor-element-8ae4d83 elementor-widget elementor-widget-text-editor\" data-id=\"8ae4d83\" data-element_type=\"widget\" data-e-type=\"widget\" data-widget_type=\"text-editor.default\">\n\t\t\t\t<div class=\"elementor-widget-container\">\n\t\t\t\t\t\t\t\t\t<p>Die \u00e0 la carte-Speisekarte des Sea Palace bietet eine gro\u00dfe Auswahl an authentischen chinesischen Gerichten. Denken Sie dabei an kantonesische Gerichte, Pekingente, Dim Sum und Sichuan-Gerichte. Lassen Sie sich von einem unserer zusammengestellten Men\u00fcs \u00fcberraschen oder treffen Sie Ihre eigene Auswahl. Welche Wahl Sie auch treffen, Ihre Liebe zur chinesischen K\u00fcche wird aufbl\u00fchen.<\/p>\n<p>Wenn Sie gegen bestimmte Lebensmittel allergisch sind, lassen Sie es uns bitte wissen und fragen Sie nach der Allergenen-Informationskarte.<\/p>\n\t\t\t\t\t\t\t\t<\/div>\n\t\t\t\t<\/div>\n\t\t\t\t<div class=\"elementor-element elementor-element-e3ea916 elementor-widget elementor-widget-button\" data-id=\"e3ea916\" data-element_type=\"widget\" data-e-type=\"widget\" data-widget_type=\"button.default\">\n\t\t\t\t<div class=\"elementor-widget-container\">\n\t\t\t\t\t\t\t\t\t<div class=\"elementor-button-wrapper\">\n\t\t\t\t\t<a class=\"elementor-button elementor-button-link elementor-size-md\" href=\"https:\/\/seapalace.nl\/menu\/\" target=\"_blank\">\n\t\t\t\t\t\t<span class=\"elementor-button-content-wrapper\">\n\t\t\t\t\t\t\t\t\t<span class=\"elementor-button-text\">SCHAUE DIE SPEISEKARTE AN<\/span>\n\t\t\t\t\t<\/span>\n\t\t\t\t\t<\/a>\n\t\t\t\t<\/div>\n\t\t\t\t\t\t\t\t<\/div>\n\t\t\t\t<\/div>\n\t\t\t\t\t<\/div>\n\t\t<\/div>\n\t\t\t\t<div class=\"elementor-column elementor-col-50 elementor-inner-column elementor-element elementor-element-7887ca2\" data-id=\"7887ca2\" data-element_type=\"column\" data-e-type=\"column\">\n\t\t\t<div class=\"elementor-widget-wrap elementor-element-populated\">\n\t\t\t\t\t\t<div class=\"elementor-element elementor-element-7e55c5c elementor--h-position-center elementor--v-position-middle elementor-pagination-position-inside elementor-widget elementor-widget-slides\" data-id=\"7e55c5c\" data-element_type=\"widget\" data-e-type=\"widget\" data-settings=\"{&quot;navigation&quot;:&quot;dots&quot;,&quot;autoplay_speed&quot;:7000,&quot;transition_speed&quot;:800,&quot;autoplay&quot;:&quot;yes&quot;,&quot;pause_on_hover&quot;:&quot;yes&quot;,&quot;pause_on_interaction&quot;:&quot;yes&quot;,&quot;infinite&quot;:&quot;yes&quot;,&quot;transition&quot;:&quot;slide&quot;}\" data-widget_type=\"slides.default\">\n\t\t\t\t<div class=\"elementor-widget-container\">\n\t\t\t\t\t\t\t\t\t<div class=\"elementor-swiper\">\n\t\t\t\t\t<div class=\"elementor-slides-wrapper elementor-main-swiper swiper\" role=\"region\" aria-roledescription=\"carousel\" aria-label=\"Slider\" dir=\"ltr\" data-animation=\"\">\n\t\t\t\t<div class=\"swiper-wrapper elementor-slides\">\n\t\t\t\t\t\t\t\t\t\t<div class=\"elementor-repeater-item-7ce2dc3 swiper-slide\" role=\"group\" aria-roledescription=\"slide\"><div class=\"swiper-slide-bg\" role=\"img\" aria-label=\"food_1\"><\/div><div class=\"swiper-slide-inner\" ><div class=\"swiper-slide-contents\"><\/div><\/div><\/div><div class=\"elementor-repeater-item-b661b60 swiper-slide\" role=\"group\" aria-roledescription=\"slide\"><div class=\"swiper-slide-bg\" role=\"img\" aria-label=\"dim_sum_03\"><\/div><div class=\"swiper-slide-inner\" ><div class=\"swiper-slide-contents\"><\/div><\/div><\/div>\t\t\t\t<\/div>\n\t\t\t\t\t\t\t\t\t\t\t\t\t\t\t\t\t\t\t\t<div class=\"swiper-pagination\"><\/div>\n\t\t\t\t\t\t\t\t\t\t\t\t<\/div>\n\t\t\t\t<\/div>\n\t\t\t\t\t\t\t\t<\/div>\n\t\t\t\t<\/div>\n\t\t\t\t\t<\/div>\n\t\t<\/div>\n\t\t\t\t\t<\/div>\n\t\t<\/section>\n\t\t\t\t\t<\/div>\n\t\t<\/div>\n\t\t\t\t\t<\/div>\n\t\t<\/section>\n\t\t\t\t<section class=\"elementor-section elementor-top-section elementor-element elementor-element-b378e19 elementor-section-boxed elementor-section-height-default elementor-section-height-default\" data-id=\"b378e19\" data-element_type=\"section\" data-e-type=\"section\">\n\t\t\t\t\t\t<div class=\"elementor-container elementor-column-gap-default\">\n\t\t\t\t\t<div class=\"elementor-column elementor-col-100 elementor-top-column elementor-element elementor-element-66493fa\" data-id=\"66493fa\" data-element_type=\"column\" data-e-type=\"column\">\n\t\t\t<div class=\"elementor-widget-wrap elementor-element-populated\">\n\t\t\t\t\t\t<div class=\"elementor-element elementor-element-ffc8b65 elementor-widget elementor-widget-heading\" data-id=\"ffc8b65\" data-element_type=\"widget\" data-e-type=\"widget\" data-widget_type=\"heading.default\">\n\t\t\t\t<div class=\"elementor-widget-container\">\n\t\t\t\t\t<h2 class=\"elementor-heading-title elementor-size-default\"><span class=\"ws-font-light\">DIM SUM<\/span> AMSTERDAM<\/h2>\t\t\t\t<\/div>\n\t\t\t\t<\/div>\n\t\t\t\t<div class=\"elementor-element elementor-element-7e56b3f elementor-widget-divider--view-line elementor-widget elementor-widget-divider\" data-id=\"7e56b3f\" data-element_type=\"widget\" data-e-type=\"widget\" data-widget_type=\"divider.default\">\n\t\t\t\t<div class=\"elementor-widget-container\">\n\t\t\t\t\t\t\t<div class=\"elementor-divider\">\n\t\t\t<span class=\"elementor-divider-separator\">\n\t\t\t\t\t\t<\/span>\n\t\t<\/div>\n\t\t\t\t\t\t<\/div>\n\t\t\t\t<\/div>\n\t\t\t\t<div class=\"elementor-element elementor-element-e3bdcec elementor-widget elementor-widget-text-editor\" data-id=\"e3bdcec\" data-element_type=\"widget\" data-e-type=\"widget\" data-widget_type=\"text-editor.default\">\n\t\t\t\t<div class=\"elementor-widget-container\">\n\t\t\t\t\t\t\t\t\t<p>Neben unserer Abendkarte k\u00f6nnen Sie im Sea Palace auch zum Mittagessen einkehren. Unsere Mittagskarte besteht aus authentischen Dim Sum Gerichten. Unsere Dim Sum werden t\u00e4glich frisch zubereitet. T\u00e4glich zwischen 12:00 und 16:00 Uhr k\u00f6nnen Sie bei uns Ihr Dim Sum Mittagessen genie\u00dfen.<\/p>\n\t\t\t\t\t\t\t\t<\/div>\n\t\t\t\t<\/div>\n\t\t\t\t<div class=\"elementor-element elementor-element-9c28d00 elementor-align-center elementor-widget elementor-widget-button\" data-id=\"9c28d00\" data-element_type=\"widget\" data-e-type=\"widget\" data-widget_type=\"button.default\">\n\t\t\t\t<div class=\"elementor-widget-container\">\n\t\t\t\t\t\t\t\t\t<div class=\"elementor-button-wrapper\">\n\t\t\t\t\t<a class=\"elementor-button elementor-button-link elementor-size-md\" href=\"https:\/\/seapalace.nl\/menu\/\">\n\t\t\t\t\t\t<span class=\"elementor-button-content-wrapper\">\n\t\t\t\t\t\t\t\t\t<span class=\"elementor-button-text\">DIM SUM ANSCHAUEN<\/span>\n\t\t\t\t\t<\/span>\n\t\t\t\t\t<\/a>\n\t\t\t\t<\/div>\n\t\t\t\t\t\t\t\t<\/div>\n\t\t\t\t<\/div>\n\t\t\t\t\t<\/div>\n\t\t<\/div>\n\t\t\t\t\t<\/div>\n\t\t<\/section>\n\t\t\t\t<\/div>\n\t\t","protected":false},"excerpt":{"rendered":"Chinesisches Restaurant AMSTERDAM SCHAUE DIE SPEISEKARTE AN SHARED DINING Das Abendessen wird nach dem Prinzip des Shared Dining serviert. Alles, was bestellt wird,&#8230;","protected":false},"author":1,"featured_media":15778,"parent":0,"menu_order":0,"comment_status":"closed","ping_status":"closed","template":"","meta":{"footnotes":""},"class_list":["post-15777","page","type-page","status-publish","has-post-thumbnail","hentry"],"yoast_head":"<!-- This site is optimized with the Yoast SEO plugin v27.3 - https:\/\/yoast.com\/product\/yoast-seo-wordpress\/ -->\n<title>Sea Palace in Amsterdam, chinesisches Restaurant in der N\u00e4he des Hauptbahnhofs<\/title>\n<meta name=\"description\" content=\"\u00c0-la-carte-Essen im Sea Palace im Zentrum von Amsterdam ist mehr als nur der Genuss von kantonesischen und Sichuan-Spezialit\u00e4ten, Peking-Ente oder chinesischem Fondue.\" \/>\n<meta name=\"robots\" content=\"index, follow, max-snippet:-1, max-image-preview:large, max-video-preview:-1\" \/>\n<link rel=\"canonical\" href=\"https:\/\/seapalace.nl\/de\/diner\/\" \/>\n<meta property=\"og:locale\" content=\"de_DE\" \/>\n<meta property=\"og:type\" content=\"article\" \/>\n<meta property=\"og:title\" content=\"Sea Palace in Amsterdam, chinesisches Restaurant in der N\u00e4he des Hauptbahnhofs\" \/>\n<meta property=\"og:description\" content=\"\u00c0-la-carte-Essen im Sea Palace im Zentrum von Amsterdam ist mehr als nur der Genuss von kantonesischen und Sichuan-Spezialit\u00e4ten, Peking-Ente oder chinesischem Fondue.\" \/>\n<meta property=\"og:url\" content=\"https:\/\/seapalace.nl\/de\/diner\/\" \/>\n<meta property=\"og:site_name\" content=\"Sea Palace\" \/>\n<meta property=\"article:modified_time\" content=\"2024-06-14T12:35:53+00:00\" \/>\n<meta property=\"og:image\" content=\"https:\/\/seapalace.nl\/wp-content\/uploads\/2020\/03\/food_1.jpg\" \/>\n\t<meta property=\"og:image:width\" content=\"930\" \/>\n\t<meta property=\"og:image:height\" content=\"960\" \/>\n\t<meta property=\"og:image:type\" content=\"image\/jpeg\" \/>\n<meta name=\"twitter:card\" content=\"summary_large_image\" \/>\n<meta name=\"twitter:label1\" content=\"Gesch\u00e4tzte Lesezeit\" \/>\n\t<meta name=\"twitter:data1\" content=\"1\u00a0Minute\" \/>\n<script type=\"application\/ld+json\" class=\"yoast-schema-graph\">{\"@context\":\"https:\\\/\\\/schema.org\",\"@graph\":[{\"@type\":\"WebPage\",\"@id\":\"https:\\\/\\\/seapalace.nl\\\/de\\\/diner\\\/\",\"url\":\"https:\\\/\\\/seapalace.nl\\\/de\\\/diner\\\/\",\"name\":\"Sea Palace in Amsterdam, chinesisches Restaurant in der N\u00e4he des Hauptbahnhofs\",\"isPartOf\":{\"@id\":\"https:\\\/\\\/seapalace.nl\\\/de\\\/#website\"},\"primaryImageOfPage\":{\"@id\":\"https:\\\/\\\/seapalace.nl\\\/de\\\/diner\\\/#primaryimage\"},\"image\":{\"@id\":\"https:\\\/\\\/seapalace.nl\\\/de\\\/diner\\\/#primaryimage\"},\"thumbnailUrl\":\"https:\\\/\\\/seapalace.nl\\\/wp-content\\\/uploads\\\/2020\\\/03\\\/food_1.jpg\",\"datePublished\":\"2024-06-14T12:35:52+00:00\",\"dateModified\":\"2024-06-14T12:35:53+00:00\",\"description\":\"\u00c0-la-carte-Essen im Sea Palace im Zentrum von Amsterdam ist mehr als nur der Genuss von kantonesischen und Sichuan-Spezialit\u00e4ten, Peking-Ente oder chinesischem Fondue.\",\"breadcrumb\":{\"@id\":\"https:\\\/\\\/seapalace.nl\\\/de\\\/diner\\\/#breadcrumb\"},\"inLanguage\":\"de\",\"potentialAction\":[{\"@type\":\"ReadAction\",\"target\":[\"https:\\\/\\\/seapalace.nl\\\/de\\\/diner\\\/\"]}]},{\"@type\":\"ImageObject\",\"inLanguage\":\"de\",\"@id\":\"https:\\\/\\\/seapalace.nl\\\/de\\\/diner\\\/#primaryimage\",\"url\":\"https:\\\/\\\/seapalace.nl\\\/wp-content\\\/uploads\\\/2020\\\/03\\\/food_1.jpg\",\"contentUrl\":\"https:\\\/\\\/seapalace.nl\\\/wp-content\\\/uploads\\\/2020\\\/03\\\/food_1.jpg\",\"width\":930,\"height\":960},{\"@type\":\"BreadcrumbList\",\"@id\":\"https:\\\/\\\/seapalace.nl\\\/de\\\/diner\\\/#breadcrumb\",\"itemListElement\":[{\"@type\":\"ListItem\",\"position\":1,\"name\":\"Home\",\"item\":\"https:\\\/\\\/seapalace.nl\\\/de\\\/\"},{\"@type\":\"ListItem\",\"position\":2,\"name\":\"Diner\"}]},{\"@type\":\"WebSite\",\"@id\":\"https:\\\/\\\/seapalace.nl\\\/de\\\/#website\",\"url\":\"https:\\\/\\\/seapalace.nl\\\/de\\\/\",\"name\":\"Sea Palace\",\"description\":\"Dim Sum Restaurant\",\"publisher\":{\"@id\":\"https:\\\/\\\/seapalace.nl\\\/de\\\/#organization\"},\"potentialAction\":[{\"@type\":\"SearchAction\",\"target\":{\"@type\":\"EntryPoint\",\"urlTemplate\":\"https:\\\/\\\/seapalace.nl\\\/de\\\/?s={search_term_string}\"},\"query-input\":{\"@type\":\"PropertyValueSpecification\",\"valueRequired\":true,\"valueName\":\"search_term_string\"}}],\"inLanguage\":\"de\"},{\"@type\":\"Organization\",\"@id\":\"https:\\\/\\\/seapalace.nl\\\/de\\\/#organization\",\"name\":\"Sea Palace\",\"url\":\"https:\\\/\\\/seapalace.nl\\\/de\\\/\",\"logo\":{\"@type\":\"ImageObject\",\"inLanguage\":\"de\",\"@id\":\"https:\\\/\\\/seapalace.nl\\\/de\\\/#\\\/schema\\\/logo\\\/image\\\/\",\"url\":\"https:\\\/\\\/seapalace.nl\\\/wp-content\\\/uploads\\\/2020\\\/04\\\/2020-03-16_1354.png\",\"contentUrl\":\"https:\\\/\\\/seapalace.nl\\\/wp-content\\\/uploads\\\/2020\\\/04\\\/2020-03-16_1354.png\",\"width\":166,\"height\":160,\"caption\":\"Sea Palace\"},\"image\":{\"@id\":\"https:\\\/\\\/seapalace.nl\\\/de\\\/#\\\/schema\\\/logo\\\/image\\\/\"}}]}<\/script>\n<!-- \/ Yoast SEO plugin. -->","yoast_head_json":{"title":"Sea Palace in Amsterdam, chinesisches Restaurant in der N\u00e4he des Hauptbahnhofs","description":"\u00c0-la-carte-Essen im Sea Palace im Zentrum von Amsterdam ist mehr als nur der Genuss von kantonesischen und Sichuan-Spezialit\u00e4ten, Peking-Ente oder chinesischem Fondue.","robots":{"index":"index","follow":"follow","max-snippet":"max-snippet:-1","max-image-preview":"max-image-preview:large","max-video-preview":"max-video-preview:-1"},"canonical":"https:\/\/seapalace.nl\/de\/diner\/","og_locale":"de_DE","og_type":"article","og_title":"Sea Palace in Amsterdam, chinesisches Restaurant in der N\u00e4he des Hauptbahnhofs","og_description":"\u00c0-la-carte-Essen im Sea Palace im Zentrum von Amsterdam ist mehr als nur der Genuss von kantonesischen und Sichuan-Spezialit\u00e4ten, Peking-Ente oder chinesischem Fondue.","og_url":"https:\/\/seapalace.nl\/de\/diner\/","og_site_name":"Sea Palace","article_modified_time":"2024-06-14T12:35:53+00:00","og_image":[{"width":930,"height":960,"url":"https:\/\/seapalace.nl\/wp-content\/uploads\/2020\/03\/food_1.jpg","type":"image\/jpeg"}],"twitter_card":"summary_large_image","twitter_misc":{"Gesch\u00e4tzte Lesezeit":"1\u00a0Minute"},"schema":{"@context":"https:\/\/schema.org","@graph":[{"@type":"WebPage","@id":"https:\/\/seapalace.nl\/de\/diner\/","url":"https:\/\/seapalace.nl\/de\/diner\/","name":"Sea Palace in Amsterdam, chinesisches Restaurant in der N\u00e4he des Hauptbahnhofs","isPartOf":{"@id":"https:\/\/seapalace.nl\/de\/#website"},"primaryImageOfPage":{"@id":"https:\/\/seapalace.nl\/de\/diner\/#primaryimage"},"image":{"@id":"https:\/\/seapalace.nl\/de\/diner\/#primaryimage"},"thumbnailUrl":"https:\/\/seapalace.nl\/wp-content\/uploads\/2020\/03\/food_1.jpg","datePublished":"2024-06-14T12:35:52+00:00","dateModified":"2024-06-14T12:35:53+00:00","description":"\u00c0-la-carte-Essen im Sea Palace im Zentrum von Amsterdam ist mehr als nur der Genuss von kantonesischen und Sichuan-Spezialit\u00e4ten, Peking-Ente oder chinesischem Fondue.","breadcrumb":{"@id":"https:\/\/seapalace.nl\/de\/diner\/#breadcrumb"},"inLanguage":"de","potentialAction":[{"@type":"ReadAction","target":["https:\/\/seapalace.nl\/de\/diner\/"]}]},{"@type":"ImageObject","inLanguage":"de","@id":"https:\/\/seapalace.nl\/de\/diner\/#primaryimage","url":"https:\/\/seapalace.nl\/wp-content\/uploads\/2020\/03\/food_1.jpg","contentUrl":"https:\/\/seapalace.nl\/wp-content\/uploads\/2020\/03\/food_1.jpg","width":930,"height":960},{"@type":"BreadcrumbList","@id":"https:\/\/seapalace.nl\/de\/diner\/#breadcrumb","itemListElement":[{"@type":"ListItem","position":1,"name":"Home","item":"https:\/\/seapalace.nl\/de\/"},{"@type":"ListItem","position":2,"name":"Diner"}]},{"@type":"WebSite","@id":"https:\/\/seapalace.nl\/de\/#website","url":"https:\/\/seapalace.nl\/de\/","name":"Sea Palace","description":"Dim Sum Restaurant","publisher":{"@id":"https:\/\/seapalace.nl\/de\/#organization"},"potentialAction":[{"@type":"SearchAction","target":{"@type":"EntryPoint","urlTemplate":"https:\/\/seapalace.nl\/de\/?s={search_term_string}"},"query-input":{"@type":"PropertyValueSpecification","valueRequired":true,"valueName":"search_term_string"}}],"inLanguage":"de"},{"@type":"Organization","@id":"https:\/\/seapalace.nl\/de\/#organization","name":"Sea Palace","url":"https:\/\/seapalace.nl\/de\/","logo":{"@type":"ImageObject","inLanguage":"de","@id":"https:\/\/seapalace.nl\/de\/#\/schema\/logo\/image\/","url":"https:\/\/seapalace.nl\/wp-content\/uploads\/2020\/04\/2020-03-16_1354.png","contentUrl":"https:\/\/seapalace.nl\/wp-content\/uploads\/2020\/04\/2020-03-16_1354.png","width":166,"height":160,"caption":"Sea Palace"},"image":{"@id":"https:\/\/seapalace.nl\/de\/#\/schema\/logo\/image\/"}}]}},"_links":{"self":[{"href":"https:\/\/seapalace.nl\/de\/wp-json\/wp\/v2\/pages\/15777","targetHints":{"allow":["GET"]}}],"collection":[{"href":"https:\/\/seapalace.nl\/de\/wp-json\/wp\/v2\/pages"}],"about":[{"href":"https:\/\/seapalace.nl\/de\/wp-json\/wp\/v2\/types\/page"}],"author":[{"embeddable":true,"href":"https:\/\/seapalace.nl\/de\/wp-json\/wp\/v2\/users\/1"}],"replies":[{"embeddable":true,"href":"https:\/\/seapalace.nl\/de\/wp-json\/wp\/v2\/comments?post=15777"}],"version-history":[{"count":1,"href":"https:\/\/seapalace.nl\/de\/wp-json\/wp\/v2\/pages\/15777\/revisions"}],"predecessor-version":[{"id":15779,"href":"https:\/\/seapalace.nl\/de\/wp-json\/wp\/v2\/pages\/15777\/revisions\/15779"}],"wp:featuredmedia":[{"embeddable":true,"href":"https:\/\/seapalace.nl\/de\/wp-json\/wp\/v2\/media\/15778"}],"wp:attachment":[{"href":"https:\/\/seapalace.nl\/de\/wp-json\/wp\/v2\/media?parent=15777"}],"curies":[{"name":"wp","href":"https:\/\/api.w.org\/{rel}","templated":true}]}}