{"id":15773,"date":"2024-06-14T14:21:24","date_gmt":"2024-06-14T12:21:24","guid":{"rendered":"https:\/\/seapalace.nl\/dim-sum-abholen\/"},"modified":"2024-06-14T14:21:25","modified_gmt":"2024-06-14T12:21:25","slug":"dim-sum-abholen","status":"publish","type":"page","link":"https:\/\/seapalace.nl\/de\/dim-sum-abholen\/","title":{"rendered":"Dim Sum abholen"},"content":{"rendered":"\t\t<div data-elementor-type=\"wp-page\" data-elementor-id=\"15773\" class=\"elementor elementor-15773 elementor-835\" data-elementor-post-type=\"page\">\n\t\t\t\t\t\t<section class=\"elementor-section elementor-top-section elementor-element elementor-element-2291cb7 ws-hero-section elementor-section-boxed elementor-section-height-default elementor-section-height-default\" data-id=\"2291cb7\" data-element_type=\"section\" data-e-type=\"section\" data-settings=\"{&quot;background_background&quot;:&quot;classic&quot;,&quot;background_motion_fx_motion_fx_scrolling&quot;:&quot;yes&quot;,&quot;background_motion_fx_translateY_effect&quot;:&quot;yes&quot;,&quot;background_motion_fx_translateY_direction&quot;:&quot;negative&quot;,&quot;background_motion_fx_translateY_speed&quot;:{&quot;unit&quot;:&quot;px&quot;,&quot;size&quot;:4,&quot;sizes&quot;:[]},&quot;background_motion_fx_translateY_affectedRange&quot;:{&quot;unit&quot;:&quot;%&quot;,&quot;size&quot;:&quot;&quot;,&quot;sizes&quot;:{&quot;start&quot;:0,&quot;end&quot;:100}},&quot;background_motion_fx_devices&quot;:[&quot;desktop&quot;,&quot;tablet&quot;,&quot;mobile&quot;]}\">\n\t\t\t\t\t\t\t<div class=\"elementor-background-overlay\"><\/div>\n\t\t\t\t\t\t\t<div class=\"elementor-container elementor-column-gap-no\">\n\t\t\t\t\t<div class=\"elementor-column elementor-col-100 elementor-top-column elementor-element elementor-element-e34dc00\" data-id=\"e34dc00\" data-element_type=\"column\" data-e-type=\"column\">\n\t\t\t<div class=\"elementor-widget-wrap elementor-element-populated\">\n\t\t\t\t\t\t<div class=\"elementor-element elementor-element-ede6b9b elementor-widget elementor-widget-heading\" data-id=\"ede6b9b\" data-element_type=\"widget\" data-e-type=\"widget\" data-widget_type=\"heading.default\">\n\t\t\t\t<div class=\"elementor-widget-container\">\n\t\t\t\t\t<h2 class=\"elementor-heading-title elementor-size-default\">Sea Palace<\/h2>\t\t\t\t<\/div>\n\t\t\t\t<\/div>\n\t\t\t\t<div class=\"elementor-element elementor-element-15cdffd ws-heading-medium elementor-widget elementor-widget-heading\" data-id=\"15cdffd\" data-element_type=\"widget\" data-e-type=\"widget\" data-widget_type=\"heading.default\">\n\t\t\t\t<div class=\"elementor-widget-container\">\n\t\t\t\t\t<h1 class=\"elementor-heading-title elementor-size-default\"><span class=\"ws-font-light\">DIM SUM<\/span> ABHOLEN<\/h1>\t\t\t\t<\/div>\n\t\t\t\t<\/div>\n\t\t\t\t<div class=\"elementor-element elementor-element-b96343b elementor-widget-divider--view-line elementor-widget elementor-widget-divider\" data-id=\"b96343b\" data-element_type=\"widget\" data-e-type=\"widget\" data-widget_type=\"divider.default\">\n\t\t\t\t<div class=\"elementor-widget-container\">\n\t\t\t\t\t\t\t<div class=\"elementor-divider\">\n\t\t\t<span class=\"elementor-divider-separator\">\n\t\t\t\t\t\t<\/span>\n\t\t<\/div>\n\t\t\t\t\t\t<\/div>\n\t\t\t\t<\/div>\n\t\t\t\t\t<\/div>\n\t\t<\/div>\n\t\t\t\t\t<\/div>\n\t\t<\/section>\n\t\t\t\t<section class=\"elementor-section elementor-top-section elementor-element elementor-element-181d12f ws-section elementor-section-boxed elementor-section-height-default elementor-section-height-default\" data-id=\"181d12f\" data-element_type=\"section\" data-e-type=\"section\">\n\t\t\t\t\t\t<div class=\"elementor-container elementor-column-gap-default\">\n\t\t\t\t\t<div class=\"elementor-column elementor-col-100 elementor-top-column elementor-element elementor-element-582b490\" data-id=\"582b490\" data-element_type=\"column\" data-e-type=\"column\">\n\t\t\t<div class=\"elementor-widget-wrap elementor-element-populated\">\n\t\t\t\t\t\t<div class=\"elementor-element elementor-element-7a827d8 elementor-widget elementor-widget-heading\" data-id=\"7a827d8\" data-element_type=\"widget\" data-e-type=\"widget\" data-widget_type=\"heading.default\">\n\t\t\t\t<div class=\"elementor-widget-container\">\n\t\t\t\t\t<h2 class=\"elementor-heading-title elementor-size-default\"><span class=\"ws-font-light\">DIM SUM ABHOLEN<\/span> BEI SEA PALACE<\/h2>\t\t\t\t<\/div>\n\t\t\t\t<\/div>\n\t\t\t\t<div class=\"elementor-element elementor-element-1100fcb elementor-widget-divider--view-line elementor-widget elementor-widget-divider\" data-id=\"1100fcb\" data-element_type=\"widget\" data-e-type=\"widget\" data-widget_type=\"divider.default\">\n\t\t\t\t<div class=\"elementor-widget-container\">\n\t\t\t\t\t\t\t<div class=\"elementor-divider\">\n\t\t\t<span class=\"elementor-divider-separator\">\n\t\t\t\t\t\t<\/span>\n\t\t<\/div>\n\t\t\t\t\t\t<\/div>\n\t\t\t\t<\/div>\n\t\t\t\t<div class=\"elementor-element elementor-element-8398bbd elementor-widget elementor-widget-text-editor\" data-id=\"8398bbd\" data-element_type=\"widget\" data-e-type=\"widget\" data-widget_type=\"text-editor.default\">\n\t\t\t\t<div class=\"elementor-widget-container\">\n\t\t\t\t\t\t\t\t\t<p>Dim Sum bedeutet \u201edas Ber\u00fchren deines Herzens\u201c. Es sind kleine Gerichte, die dich verzaubern sollen. Der Dim Sum Chef von Sea Palace hat dies in wahre kulinarische Kunstwerke \u00fcbersetzt. Wer einmal unsere Dim Sum genossen hat, kommt garantiert zur\u00fcck. Um sich im Restaurant einen Tisch voll solcher Gerichte servieren zu lassen oder um eine Tasche voll abzuholen und zu Hause oder anderswo zu genie\u00dfen. Wir haben eine Abhol-\/Take-away-Speisekarte zusammengestellt mit einer speziellen Auswahl der bekannten Dim Sum Gerichte von Sea Palace.<\/p>\n\t\t\t\t\t\t\t\t<\/div>\n\t\t\t\t<\/div>\n\t\t\t\t\t<\/div>\n\t\t<\/div>\n\t\t\t\t\t<\/div>\n\t\t<\/section>\n\t\t\t\t<section class=\"elementor-section elementor-top-section elementor-element elementor-element-718f5e3 elementor-section-full_width elementor-section-height-default elementor-section-height-default\" data-id=\"718f5e3\" data-element_type=\"section\" data-e-type=\"section\">\n\t\t\t\t\t\t\t<div class=\"elementor-background-overlay\"><\/div>\n\t\t\t\t\t\t\t<div class=\"elementor-container elementor-column-gap-default\">\n\t\t\t\t\t<div class=\"elementor-column elementor-col-100 elementor-top-column elementor-element elementor-element-5198809\" data-id=\"5198809\" data-element_type=\"column\" data-e-type=\"column\">\n\t\t\t<div class=\"elementor-widget-wrap elementor-element-populated\">\n\t\t\t\t\t\t<section class=\"elementor-section elementor-inner-section elementor-element elementor-element-c765abc elementor-section-content-middle elementor-section-boxed elementor-section-height-default elementor-section-height-default\" data-id=\"c765abc\" data-element_type=\"section\" data-e-type=\"section\">\n\t\t\t\t\t\t<div class=\"elementor-container elementor-column-gap-wider\">\n\t\t\t\t\t<div class=\"elementor-column elementor-col-50 elementor-inner-column elementor-element elementor-element-ac6f4c7\" data-id=\"ac6f4c7\" data-element_type=\"column\" data-e-type=\"column\">\n\t\t\t<div class=\"elementor-widget-wrap elementor-element-populated\">\n\t\t\t\t\t\t<div class=\"elementor-element elementor-element-bb93464 elementor-widget elementor-widget-heading\" data-id=\"bb93464\" data-element_type=\"widget\" data-e-type=\"widget\" data-widget_type=\"heading.default\">\n\t\t\t\t<div class=\"elementor-widget-container\">\n\t\t\t\t\t<h2 class=\"elementor-heading-title elementor-size-default\"><span class=\"ws-font-light\">UNSER DIM SUM<\/span> ABHOLMEN\u00dc<\/h2>\t\t\t\t<\/div>\n\t\t\t\t<\/div>\n\t\t\t\t<div class=\"elementor-element elementor-element-c6598ea elementor-widget-divider--view-line elementor-widget elementor-widget-divider\" data-id=\"c6598ea\" data-element_type=\"widget\" data-e-type=\"widget\" data-widget_type=\"divider.default\">\n\t\t\t\t<div class=\"elementor-widget-container\">\n\t\t\t\t\t\t\t<div class=\"elementor-divider\">\n\t\t\t<span class=\"elementor-divider-separator\">\n\t\t\t\t\t\t<\/span>\n\t\t<\/div>\n\t\t\t\t\t\t<\/div>\n\t\t\t\t<\/div>\n\t\t\t\t<div class=\"elementor-element elementor-element-051368d elementor-widget elementor-widget-text-editor\" data-id=\"051368d\" data-element_type=\"widget\" data-e-type=\"widget\" data-widget_type=\"text-editor.default\">\n\t\t\t\t<div class=\"elementor-widget-container\">\n\t\t\t\t\t\t\t\t\t<p>Was magst du? Sui Mai, gebratene Won Ton oder doch lieber Ha Kau? Oder m\u00f6chtest du etwas anderes von der Dim Sum Karte von Sea Palace probieren? F\u00e4llt es dir schwer, eine Wahl zu treffen? Wir haben eine Dim Sum Box zusammengestellt mit 10 h\u00e4ufig nachgefragten Dim Sum. Sieh dir unsere spezielle Abhol-\/Take-away-Karte an, triff deine Auswahl und gib deine Bestellung schon vorab durch. Oder triff deine Auswahl in unserem Abholrestaurant. Wir sorgen daf\u00fcr, dass du so schnell wie m\u00f6glich unsere kulinarischen Kunstwerke genie\u00dfen kannst.<\/p>\n\t\t\t\t\t\t\t\t<\/div>\n\t\t\t\t<\/div>\n\t\t\t\t<div class=\"elementor-element elementor-element-1fa75be elementor-widget elementor-widget-button\" data-id=\"1fa75be\" data-element_type=\"widget\" data-e-type=\"widget\" data-widget_type=\"button.default\">\n\t\t\t\t<div class=\"elementor-widget-container\">\n\t\t\t\t\t\t\t\t\t<div class=\"elementor-button-wrapper\">\n\t\t\t\t\t<a class=\"elementor-button elementor-button-link elementor-size-md\" href=\"https:\/\/seapalaceamsterdam.orderingclub.com\/seapalaceamsterdam0\" target=\"_blank\">\n\t\t\t\t\t\t<span class=\"elementor-button-content-wrapper\">\n\t\t\t\t\t\t\t\t\t<span class=\"elementor-button-text\">DIM SUM ABHOLEN<\/span>\n\t\t\t\t\t<\/span>\n\t\t\t\t\t<\/a>\n\t\t\t\t<\/div>\n\t\t\t\t\t\t\t\t<\/div>\n\t\t\t\t<\/div>\n\t\t\t\t\t<\/div>\n\t\t<\/div>\n\t\t\t\t<div class=\"elementor-column elementor-col-50 elementor-inner-column elementor-element elementor-element-9dc4b7e\" data-id=\"9dc4b7e\" data-element_type=\"column\" data-e-type=\"column\">\n\t\t\t<div class=\"elementor-widget-wrap elementor-element-populated\">\n\t\t\t\t\t\t<div class=\"elementor-element elementor-element-79fb801 elementor--h-position-center elementor--v-position-middle elementor-pagination-position-inside elementor-widget elementor-widget-slides\" data-id=\"79fb801\" data-element_type=\"widget\" data-e-type=\"widget\" data-settings=\"{&quot;navigation&quot;:&quot;dots&quot;,&quot;autoplay_speed&quot;:7000,&quot;transition_speed&quot;:800,&quot;autoplay&quot;:&quot;yes&quot;,&quot;pause_on_hover&quot;:&quot;yes&quot;,&quot;pause_on_interaction&quot;:&quot;yes&quot;,&quot;infinite&quot;:&quot;yes&quot;,&quot;transition&quot;:&quot;slide&quot;}\" data-widget_type=\"slides.default\">\n\t\t\t\t<div class=\"elementor-widget-container\">\n\t\t\t\t\t\t\t\t\t<div class=\"elementor-swiper\">\n\t\t\t\t\t<div class=\"elementor-slides-wrapper elementor-main-swiper swiper\" role=\"region\" aria-roledescription=\"carousel\" aria-label=\"Slider\" dir=\"ltr\" data-animation=\"\">\n\t\t\t\t<div class=\"swiper-wrapper elementor-slides\">\n\t\t\t\t\t\t\t\t\t\t<div class=\"elementor-repeater-item-7ce2dc3 swiper-slide\" role=\"group\" aria-roledescription=\"slide\"><div class=\"swiper-slide-bg\" role=\"img\" aria-label=\"event_6\"><\/div><div class=\"swiper-slide-inner\" ><div class=\"swiper-slide-contents\"><\/div><\/div><\/div><div class=\"elementor-repeater-item-b661b60 swiper-slide\" role=\"group\" aria-roledescription=\"slide\"><div class=\"swiper-slide-bg\" role=\"img\" aria-label=\"dim_sum_04\"><\/div><div class=\"swiper-slide-inner\" ><div class=\"swiper-slide-contents\"><\/div><\/div><\/div>\t\t\t\t<\/div>\n\t\t\t\t\t\t\t\t\t\t\t\t\t\t\t\t\t\t\t\t<div class=\"swiper-pagination\"><\/div>\n\t\t\t\t\t\t\t\t\t\t\t\t<\/div>\n\t\t\t\t<\/div>\n\t\t\t\t\t\t\t\t<\/div>\n\t\t\t\t<\/div>\n\t\t\t\t\t<\/div>\n\t\t<\/div>\n\t\t\t\t\t<\/div>\n\t\t<\/section>\n\t\t\t\t<section class=\"elementor-section elementor-inner-section elementor-element elementor-element-df8b939 elementor-section-content-middle elementor-section-boxed elementor-section-height-default elementor-section-height-default\" data-id=\"df8b939\" data-element_type=\"section\" data-e-type=\"section\">\n\t\t\t\t\t\t<div class=\"elementor-container elementor-column-gap-wider\">\n\t\t\t\t\t<div class=\"elementor-column elementor-col-50 elementor-inner-column elementor-element elementor-element-5c1a68f\" data-id=\"5c1a68f\" data-element_type=\"column\" data-e-type=\"column\">\n\t\t\t<div class=\"elementor-widget-wrap elementor-element-populated\">\n\t\t\t\t\t\t<div class=\"elementor-element elementor-element-a8fa5f2 elementor--h-position-center elementor--v-position-middle elementor-pagination-position-inside elementor-widget elementor-widget-slides\" data-id=\"a8fa5f2\" data-element_type=\"widget\" data-e-type=\"widget\" data-settings=\"{&quot;navigation&quot;:&quot;dots&quot;,&quot;autoplay_speed&quot;:7000,&quot;transition_speed&quot;:800,&quot;autoplay&quot;:&quot;yes&quot;,&quot;pause_on_hover&quot;:&quot;yes&quot;,&quot;pause_on_interaction&quot;:&quot;yes&quot;,&quot;infinite&quot;:&quot;yes&quot;,&quot;transition&quot;:&quot;slide&quot;}\" data-widget_type=\"slides.default\">\n\t\t\t\t<div class=\"elementor-widget-container\">\n\t\t\t\t\t\t\t\t\t<div class=\"elementor-swiper\">\n\t\t\t\t\t<div class=\"elementor-slides-wrapper elementor-main-swiper swiper\" role=\"region\" aria-roledescription=\"carousel\" aria-label=\"Slider\" dir=\"ltr\" data-animation=\"\">\n\t\t\t\t<div class=\"swiper-wrapper elementor-slides\">\n\t\t\t\t\t\t\t\t\t\t<div class=\"elementor-repeater-item-7ce2dc3 swiper-slide\" role=\"group\" aria-roledescription=\"slide\"><div class=\"swiper-slide-bg\" role=\"img\" aria-label=\"dim_sum_\"><\/div><div class=\"swiper-slide-inner\" ><div class=\"swiper-slide-contents\"><\/div><\/div><\/div><div class=\"elementor-repeater-item-b661b60 swiper-slide\" role=\"group\" aria-roledescription=\"slide\"><div class=\"swiper-slide-bg\" role=\"img\" aria-label=\"dim_sum_02\"><\/div><div class=\"swiper-slide-inner\" ><div class=\"swiper-slide-contents\"><\/div><\/div><\/div>\t\t\t\t<\/div>\n\t\t\t\t\t\t\t\t\t\t\t\t\t\t\t\t\t\t\t\t<div class=\"swiper-pagination\"><\/div>\n\t\t\t\t\t\t\t\t\t\t\t\t<\/div>\n\t\t\t\t<\/div>\n\t\t\t\t\t\t\t\t<\/div>\n\t\t\t\t<\/div>\n\t\t\t\t\t<\/div>\n\t\t<\/div>\n\t\t\t\t<div class=\"elementor-column elementor-col-50 elementor-inner-column elementor-element elementor-element-e6ae02b\" data-id=\"e6ae02b\" data-element_type=\"column\" data-e-type=\"column\">\n\t\t\t<div class=\"elementor-widget-wrap elementor-element-populated\">\n\t\t\t\t\t\t<div class=\"elementor-element elementor-element-1baa5e4 elementor-widget elementor-widget-heading\" data-id=\"1baa5e4\" data-element_type=\"widget\" data-e-type=\"widget\" data-widget_type=\"heading.default\">\n\t\t\t\t<div class=\"elementor-widget-container\">\n\t\t\t\t\t<h2 class=\"elementor-heading-title elementor-size-default\"><span class=\"ws-font-light\">DIM SUM<\/span> LIEFERN LASSEN<\/h2>\t\t\t\t<\/div>\n\t\t\t\t<\/div>\n\t\t\t\t<div class=\"elementor-element elementor-element-e4b10c3 elementor-widget-divider--view-line elementor-widget elementor-widget-divider\" data-id=\"e4b10c3\" data-element_type=\"widget\" data-e-type=\"widget\" data-widget_type=\"divider.default\">\n\t\t\t\t<div class=\"elementor-widget-container\">\n\t\t\t\t\t\t\t<div class=\"elementor-divider\">\n\t\t\t<span class=\"elementor-divider-separator\">\n\t\t\t\t\t\t<\/span>\n\t\t<\/div>\n\t\t\t\t\t\t<\/div>\n\t\t\t\t<\/div>\n\t\t\t\t<div class=\"elementor-element elementor-element-449b017 elementor-widget elementor-widget-text-editor\" data-id=\"449b017\" data-element_type=\"widget\" data-e-type=\"widget\" data-widget_type=\"text-editor.default\">\n\t\t\t\t<div class=\"elementor-widget-container\">\n\t\t\t\t\t\t\t\t\t<p>Traditionell isst man Dim Sum nach dem Prinzip des gemeinsamen Essens, begleitet von k\u00f6stlich duftendem chinesischen Tee. Was gibt es Sch\u00f6neres und Gem\u00fctlicheres, als gemeinsam an einem Tisch voller k\u00f6stlicher H\u00e4ppchen zu genie\u00dfen?<\/p>\n<p>Wussten Sie, dass: Dim Sum von Sea Palace auch zur Lieferung nach Hause bestellt werden kann, sodass Sie auch gem\u00fctlich zu Hause Dimsum genie\u00dfen k\u00f6nnen?<\/p>\n\t\t\t\t\t\t\t\t<\/div>\n\t\t\t\t<\/div>\n\t\t\t\t<div class=\"elementor-element elementor-element-67b8af8 elementor-widget elementor-widget-button\" data-id=\"67b8af8\" data-element_type=\"widget\" data-e-type=\"widget\" data-widget_type=\"button.default\">\n\t\t\t\t<div class=\"elementor-widget-container\">\n\t\t\t\t\t\t\t\t\t<div class=\"elementor-button-wrapper\">\n\t\t\t\t\t<a class=\"elementor-button elementor-button-link elementor-size-md\" href=\"https:\/\/seapalaceamsterdam.orderingclub.com\/seapalaceamsterdam0\" target=\"_blank\">\n\t\t\t\t\t\t<span class=\"elementor-button-content-wrapper\">\n\t\t\t\t\t\t\t\t\t<span class=\"elementor-button-text\">DIM SUM THUISBEZORGD<\/span>\n\t\t\t\t\t<\/span>\n\t\t\t\t\t<\/a>\n\t\t\t\t<\/div>\n\t\t\t\t\t\t\t\t<\/div>\n\t\t\t\t<\/div>\n\t\t\t\t\t<\/div>\n\t\t<\/div>\n\t\t\t\t\t<\/div>\n\t\t<\/section>\n\t\t\t\t\t<\/div>\n\t\t<\/div>\n\t\t\t\t\t<\/div>\n\t\t<\/section>\n\t\t\t\t<\/div>\n\t\t","protected":false},"excerpt":{"rendered":"Sea Palace DIM SUM ABHOLEN DIM SUM ABHOLEN BEI SEA PALACE Dim Sum bedeutet \u201edas Ber\u00fchren deines Herzens\u201c. Es sind kleine Gerichte, die&#8230;","protected":false},"author":1,"featured_media":15769,"parent":0,"menu_order":0,"comment_status":"closed","ping_status":"closed","template":"","meta":{"footnotes":""},"class_list":["post-15773","page","type-page","status-publish","has-post-thumbnail","hentry"],"yoast_head":"<!-- This site is optimized with the Yoast SEO plugin v27.3 - https:\/\/yoast.com\/product\/yoast-seo-wordpress\/ -->\n<title>Dim Sum afhalen bij Sea Palace: eine Tasche voller kulinarischer Meisterwerke!<\/title>\n<meta name=\"description\" content=\"Der Dimsum-Chef von Sea Palace hat eine spezielle Auswahl an kulinarischen Kunstwerken zusammengestellt f\u00fcr diejenigen, die zu Hause oder anderswo Dim Sum genie\u00dfen m\u00f6chten.\" \/>\n<meta name=\"robots\" content=\"index, follow, max-snippet:-1, max-image-preview:large, max-video-preview:-1\" \/>\n<link rel=\"canonical\" href=\"https:\/\/seapalace.nl\/de\/dim-sum-abholen\/\" \/>\n<meta property=\"og:locale\" content=\"de_DE\" \/>\n<meta property=\"og:type\" content=\"article\" \/>\n<meta property=\"og:title\" content=\"Dim Sum afhalen bij Sea Palace: eine Tasche voller kulinarischer Meisterwerke!\" \/>\n<meta property=\"og:description\" content=\"Der Dimsum-Chef von Sea Palace hat eine spezielle Auswahl an kulinarischen Kunstwerken zusammengestellt f\u00fcr diejenigen, die zu Hause oder anderswo Dim Sum genie\u00dfen m\u00f6chten.\" \/>\n<meta property=\"og:url\" content=\"https:\/\/seapalace.nl\/de\/dim-sum-abholen\/\" \/>\n<meta property=\"og:site_name\" content=\"Sea Palace\" \/>\n<meta property=\"article:modified_time\" content=\"2024-06-14T12:21:25+00:00\" \/>\n<meta property=\"og:image\" content=\"https:\/\/seapalace.nl\/wp-content\/uploads\/2020\/03\/event_6.jpg\" \/>\n\t<meta property=\"og:image:width\" content=\"1200\" \/>\n\t<meta property=\"og:image:height\" content=\"600\" \/>\n\t<meta property=\"og:image:type\" content=\"image\/jpeg\" \/>\n<meta name=\"twitter:card\" content=\"summary_large_image\" \/>\n<meta name=\"twitter:label1\" content=\"Gesch\u00e4tzte Lesezeit\" \/>\n\t<meta name=\"twitter:data1\" content=\"1\u00a0Minute\" \/>\n<script type=\"application\/ld+json\" class=\"yoast-schema-graph\">{\"@context\":\"https:\\\/\\\/schema.org\",\"@graph\":[{\"@type\":\"WebPage\",\"@id\":\"https:\\\/\\\/seapalace.nl\\\/de\\\/dim-sum-abholen\\\/\",\"url\":\"https:\\\/\\\/seapalace.nl\\\/de\\\/dim-sum-abholen\\\/\",\"name\":\"Dim Sum afhalen bij Sea Palace: eine Tasche voller kulinarischer Meisterwerke!\",\"isPartOf\":{\"@id\":\"https:\\\/\\\/seapalace.nl\\\/de\\\/#website\"},\"primaryImageOfPage\":{\"@id\":\"https:\\\/\\\/seapalace.nl\\\/de\\\/dim-sum-abholen\\\/#primaryimage\"},\"image\":{\"@id\":\"https:\\\/\\\/seapalace.nl\\\/de\\\/dim-sum-abholen\\\/#primaryimage\"},\"thumbnailUrl\":\"https:\\\/\\\/seapalace.nl\\\/wp-content\\\/uploads\\\/2020\\\/03\\\/event_6.jpg\",\"datePublished\":\"2024-06-14T12:21:24+00:00\",\"dateModified\":\"2024-06-14T12:21:25+00:00\",\"description\":\"Der Dimsum-Chef von Sea Palace hat eine spezielle Auswahl an kulinarischen Kunstwerken zusammengestellt f\u00fcr diejenigen, die zu Hause oder anderswo Dim Sum genie\u00dfen m\u00f6chten.\",\"breadcrumb\":{\"@id\":\"https:\\\/\\\/seapalace.nl\\\/de\\\/dim-sum-abholen\\\/#breadcrumb\"},\"inLanguage\":\"de\",\"potentialAction\":[{\"@type\":\"ReadAction\",\"target\":[\"https:\\\/\\\/seapalace.nl\\\/de\\\/dim-sum-abholen\\\/\"]}]},{\"@type\":\"ImageObject\",\"inLanguage\":\"de\",\"@id\":\"https:\\\/\\\/seapalace.nl\\\/de\\\/dim-sum-abholen\\\/#primaryimage\",\"url\":\"https:\\\/\\\/seapalace.nl\\\/wp-content\\\/uploads\\\/2020\\\/03\\\/event_6.jpg\",\"contentUrl\":\"https:\\\/\\\/seapalace.nl\\\/wp-content\\\/uploads\\\/2020\\\/03\\\/event_6.jpg\",\"width\":1200,\"height\":600},{\"@type\":\"BreadcrumbList\",\"@id\":\"https:\\\/\\\/seapalace.nl\\\/de\\\/dim-sum-abholen\\\/#breadcrumb\",\"itemListElement\":[{\"@type\":\"ListItem\",\"position\":1,\"name\":\"Home\",\"item\":\"https:\\\/\\\/seapalace.nl\\\/de\\\/\"},{\"@type\":\"ListItem\",\"position\":2,\"name\":\"Dim Sum abholen\"}]},{\"@type\":\"WebSite\",\"@id\":\"https:\\\/\\\/seapalace.nl\\\/de\\\/#website\",\"url\":\"https:\\\/\\\/seapalace.nl\\\/de\\\/\",\"name\":\"Sea Palace\",\"description\":\"Dim Sum Restaurant\",\"publisher\":{\"@id\":\"https:\\\/\\\/seapalace.nl\\\/de\\\/#organization\"},\"potentialAction\":[{\"@type\":\"SearchAction\",\"target\":{\"@type\":\"EntryPoint\",\"urlTemplate\":\"https:\\\/\\\/seapalace.nl\\\/de\\\/?s={search_term_string}\"},\"query-input\":{\"@type\":\"PropertyValueSpecification\",\"valueRequired\":true,\"valueName\":\"search_term_string\"}}],\"inLanguage\":\"de\"},{\"@type\":\"Organization\",\"@id\":\"https:\\\/\\\/seapalace.nl\\\/de\\\/#organization\",\"name\":\"Sea Palace\",\"url\":\"https:\\\/\\\/seapalace.nl\\\/de\\\/\",\"logo\":{\"@type\":\"ImageObject\",\"inLanguage\":\"de\",\"@id\":\"https:\\\/\\\/seapalace.nl\\\/de\\\/#\\\/schema\\\/logo\\\/image\\\/\",\"url\":\"https:\\\/\\\/seapalace.nl\\\/wp-content\\\/uploads\\\/2020\\\/04\\\/2020-03-16_1354.png\",\"contentUrl\":\"https:\\\/\\\/seapalace.nl\\\/wp-content\\\/uploads\\\/2020\\\/04\\\/2020-03-16_1354.png\",\"width\":166,\"height\":160,\"caption\":\"Sea Palace\"},\"image\":{\"@id\":\"https:\\\/\\\/seapalace.nl\\\/de\\\/#\\\/schema\\\/logo\\\/image\\\/\"}}]}<\/script>\n<!-- \/ Yoast SEO plugin. -->","yoast_head_json":{"title":"Dim Sum afhalen bij Sea Palace: eine Tasche voller kulinarischer Meisterwerke!","description":"Der Dimsum-Chef von Sea Palace hat eine spezielle Auswahl an kulinarischen Kunstwerken zusammengestellt f\u00fcr diejenigen, die zu Hause oder anderswo Dim Sum genie\u00dfen m\u00f6chten.","robots":{"index":"index","follow":"follow","max-snippet":"max-snippet:-1","max-image-preview":"max-image-preview:large","max-video-preview":"max-video-preview:-1"},"canonical":"https:\/\/seapalace.nl\/de\/dim-sum-abholen\/","og_locale":"de_DE","og_type":"article","og_title":"Dim Sum afhalen bij Sea Palace: eine Tasche voller kulinarischer Meisterwerke!","og_description":"Der Dimsum-Chef von Sea Palace hat eine spezielle Auswahl an kulinarischen Kunstwerken zusammengestellt f\u00fcr diejenigen, die zu Hause oder anderswo Dim Sum genie\u00dfen m\u00f6chten.","og_url":"https:\/\/seapalace.nl\/de\/dim-sum-abholen\/","og_site_name":"Sea Palace","article_modified_time":"2024-06-14T12:21:25+00:00","og_image":[{"width":1200,"height":600,"url":"https:\/\/seapalace.nl\/wp-content\/uploads\/2020\/03\/event_6.jpg","type":"image\/jpeg"}],"twitter_card":"summary_large_image","twitter_misc":{"Gesch\u00e4tzte Lesezeit":"1\u00a0Minute"},"schema":{"@context":"https:\/\/schema.org","@graph":[{"@type":"WebPage","@id":"https:\/\/seapalace.nl\/de\/dim-sum-abholen\/","url":"https:\/\/seapalace.nl\/de\/dim-sum-abholen\/","name":"Dim Sum afhalen bij Sea Palace: eine Tasche voller kulinarischer Meisterwerke!","isPartOf":{"@id":"https:\/\/seapalace.nl\/de\/#website"},"primaryImageOfPage":{"@id":"https:\/\/seapalace.nl\/de\/dim-sum-abholen\/#primaryimage"},"image":{"@id":"https:\/\/seapalace.nl\/de\/dim-sum-abholen\/#primaryimage"},"thumbnailUrl":"https:\/\/seapalace.nl\/wp-content\/uploads\/2020\/03\/event_6.jpg","datePublished":"2024-06-14T12:21:24+00:00","dateModified":"2024-06-14T12:21:25+00:00","description":"Der Dimsum-Chef von Sea Palace hat eine spezielle Auswahl an kulinarischen Kunstwerken zusammengestellt f\u00fcr diejenigen, die zu Hause oder anderswo Dim Sum genie\u00dfen m\u00f6chten.","breadcrumb":{"@id":"https:\/\/seapalace.nl\/de\/dim-sum-abholen\/#breadcrumb"},"inLanguage":"de","potentialAction":[{"@type":"ReadAction","target":["https:\/\/seapalace.nl\/de\/dim-sum-abholen\/"]}]},{"@type":"ImageObject","inLanguage":"de","@id":"https:\/\/seapalace.nl\/de\/dim-sum-abholen\/#primaryimage","url":"https:\/\/seapalace.nl\/wp-content\/uploads\/2020\/03\/event_6.jpg","contentUrl":"https:\/\/seapalace.nl\/wp-content\/uploads\/2020\/03\/event_6.jpg","width":1200,"height":600},{"@type":"BreadcrumbList","@id":"https:\/\/seapalace.nl\/de\/dim-sum-abholen\/#breadcrumb","itemListElement":[{"@type":"ListItem","position":1,"name":"Home","item":"https:\/\/seapalace.nl\/de\/"},{"@type":"ListItem","position":2,"name":"Dim Sum abholen"}]},{"@type":"WebSite","@id":"https:\/\/seapalace.nl\/de\/#website","url":"https:\/\/seapalace.nl\/de\/","name":"Sea Palace","description":"Dim Sum Restaurant","publisher":{"@id":"https:\/\/seapalace.nl\/de\/#organization"},"potentialAction":[{"@type":"SearchAction","target":{"@type":"EntryPoint","urlTemplate":"https:\/\/seapalace.nl\/de\/?s={search_term_string}"},"query-input":{"@type":"PropertyValueSpecification","valueRequired":true,"valueName":"search_term_string"}}],"inLanguage":"de"},{"@type":"Organization","@id":"https:\/\/seapalace.nl\/de\/#organization","name":"Sea Palace","url":"https:\/\/seapalace.nl\/de\/","logo":{"@type":"ImageObject","inLanguage":"de","@id":"https:\/\/seapalace.nl\/de\/#\/schema\/logo\/image\/","url":"https:\/\/seapalace.nl\/wp-content\/uploads\/2020\/04\/2020-03-16_1354.png","contentUrl":"https:\/\/seapalace.nl\/wp-content\/uploads\/2020\/04\/2020-03-16_1354.png","width":166,"height":160,"caption":"Sea Palace"},"image":{"@id":"https:\/\/seapalace.nl\/de\/#\/schema\/logo\/image\/"}}]}},"_links":{"self":[{"href":"https:\/\/seapalace.nl\/de\/wp-json\/wp\/v2\/pages\/15773","targetHints":{"allow":["GET"]}}],"collection":[{"href":"https:\/\/seapalace.nl\/de\/wp-json\/wp\/v2\/pages"}],"about":[{"href":"https:\/\/seapalace.nl\/de\/wp-json\/wp\/v2\/types\/page"}],"author":[{"embeddable":true,"href":"https:\/\/seapalace.nl\/de\/wp-json\/wp\/v2\/users\/1"}],"replies":[{"embeddable":true,"href":"https:\/\/seapalace.nl\/de\/wp-json\/wp\/v2\/comments?post=15773"}],"version-history":[{"count":1,"href":"https:\/\/seapalace.nl\/de\/wp-json\/wp\/v2\/pages\/15773\/revisions"}],"predecessor-version":[{"id":15774,"href":"https:\/\/seapalace.nl\/de\/wp-json\/wp\/v2\/pages\/15773\/revisions\/15774"}],"wp:featuredmedia":[{"embeddable":true,"href":"https:\/\/seapalace.nl\/de\/wp-json\/wp\/v2\/media\/15769"}],"wp:attachment":[{"href":"https:\/\/seapalace.nl\/de\/wp-json\/wp\/v2\/media?parent=15773"}],"curies":[{"name":"wp","href":"https:\/\/api.w.org\/{rel}","templated":true}]}}