{"id":15767,"date":"2024-06-14T14:15:36","date_gmt":"2024-06-14T12:15:36","guid":{"rendered":"https:\/\/seapalace.nl\/dim-sum\/"},"modified":"2024-06-14T14:15:49","modified_gmt":"2024-06-14T12:15:49","slug":"dim-sum","status":"publish","type":"page","link":"https:\/\/seapalace.nl\/de\/dim-sum\/","title":{"rendered":"Dim Sum"},"content":{"rendered":"\t\t<div data-elementor-type=\"wp-page\" data-elementor-id=\"15767\" class=\"elementor elementor-15767 elementor-841\" data-elementor-post-type=\"page\">\n\t\t\t\t\t\t<section class=\"elementor-section elementor-top-section elementor-element elementor-element-2291cb7 ws-hero-section elementor-section-boxed elementor-section-height-default elementor-section-height-default\" data-id=\"2291cb7\" data-element_type=\"section\" data-settings=\"{&quot;background_background&quot;:&quot;classic&quot;,&quot;background_motion_fx_motion_fx_scrolling&quot;:&quot;yes&quot;,&quot;background_motion_fx_translateY_effect&quot;:&quot;yes&quot;,&quot;background_motion_fx_translateY_direction&quot;:&quot;negative&quot;,&quot;background_motion_fx_translateY_speed&quot;:{&quot;unit&quot;:&quot;px&quot;,&quot;size&quot;:4,&quot;sizes&quot;:[]},&quot;background_motion_fx_translateY_affectedRange&quot;:{&quot;unit&quot;:&quot;%&quot;,&quot;size&quot;:&quot;&quot;,&quot;sizes&quot;:{&quot;start&quot;:0,&quot;end&quot;:100}},&quot;background_motion_fx_devices&quot;:[&quot;desktop&quot;,&quot;tablet&quot;,&quot;mobile&quot;]}\">\n\t\t\t\t\t\t\t<div class=\"elementor-background-overlay\"><\/div>\n\t\t\t\t\t\t\t<div class=\"elementor-container elementor-column-gap-no\">\n\t\t\t\t\t<div class=\"elementor-column elementor-col-100 elementor-top-column elementor-element elementor-element-e34dc00\" data-id=\"e34dc00\" data-element_type=\"column\">\n\t\t\t<div class=\"elementor-widget-wrap elementor-element-populated\">\n\t\t\t\t\t\t<div class=\"elementor-element elementor-element-ede6b9b elementor-widget elementor-widget-heading\" data-id=\"ede6b9b\" data-element_type=\"widget\" data-widget_type=\"heading.default\">\n\t\t\t\t<div class=\"elementor-widget-container\">\n\t\t\t\t\t<h2 class=\"elementor-heading-title elementor-size-default\">Sea Palace<\/h2>\t\t\t\t<\/div>\n\t\t\t\t<\/div>\n\t\t\t\t<div class=\"elementor-element elementor-element-15cdffd ws-heading-medium elementor-widget elementor-widget-heading\" data-id=\"15cdffd\" data-element_type=\"widget\" data-widget_type=\"heading.default\">\n\t\t\t\t<div class=\"elementor-widget-container\">\n\t\t\t\t\t<h1 class=\"elementor-heading-title elementor-size-default\"><span class=\"ws-font-light\">DIM SUM<\/span> AMSTERDAM<\/h1>\t\t\t\t<\/div>\n\t\t\t\t<\/div>\n\t\t\t\t<div class=\"elementor-element elementor-element-b96343b elementor-widget-divider--view-line elementor-widget elementor-widget-divider\" data-id=\"b96343b\" data-element_type=\"widget\" data-widget_type=\"divider.default\">\n\t\t\t\t<div class=\"elementor-widget-container\">\n\t\t\t\t\t\t\t<div class=\"elementor-divider\">\n\t\t\t<span class=\"elementor-divider-separator\">\n\t\t\t\t\t\t<\/span>\n\t\t<\/div>\n\t\t\t\t\t\t<\/div>\n\t\t\t\t<\/div>\n\t\t\t\t\t<\/div>\n\t\t<\/div>\n\t\t\t\t\t<\/div>\n\t\t<\/section>\n\t\t\t\t<section class=\"elementor-section elementor-top-section elementor-element elementor-element-d25d7d0 elementor-section-boxed elementor-section-height-default elementor-section-height-default\" data-id=\"d25d7d0\" data-element_type=\"section\">\n\t\t\t\t\t\t<div class=\"elementor-container elementor-column-gap-default\">\n\t\t\t\t\t<div class=\"elementor-column elementor-col-100 elementor-top-column elementor-element elementor-element-99ba47e\" data-id=\"99ba47e\" data-element_type=\"column\">\n\t\t\t<div class=\"elementor-widget-wrap elementor-element-populated\">\n\t\t\t\t\t\t<div class=\"elementor-element elementor-element-7a827d8 elementor-widget elementor-widget-heading\" data-id=\"7a827d8\" data-element_type=\"widget\" data-widget_type=\"heading.default\">\n\t\t\t\t<div class=\"elementor-widget-container\">\n\t\t\t\t\t<h2 class=\"elementor-heading-title elementor-size-default\"><span class=\"ws-font-light\">DIM SUM<\/span> AMSTERDAM<\/h2>\t\t\t\t<\/div>\n\t\t\t\t<\/div>\n\t\t\t\t<div class=\"elementor-element elementor-element-1100fcb elementor-widget-divider--view-line elementor-widget elementor-widget-divider\" data-id=\"1100fcb\" data-element_type=\"widget\" data-widget_type=\"divider.default\">\n\t\t\t\t<div class=\"elementor-widget-container\">\n\t\t\t\t\t\t\t<div class=\"elementor-divider\">\n\t\t\t<span class=\"elementor-divider-separator\">\n\t\t\t\t\t\t<\/span>\n\t\t<\/div>\n\t\t\t\t\t\t<\/div>\n\t\t\t\t<\/div>\n\t\t\t\t<div class=\"elementor-element elementor-element-8398bbd elementor-widget elementor-widget-text-editor\" data-id=\"8398bbd\" data-element_type=\"widget\" data-widget_type=\"text-editor.default\">\n\t\t\t\t<div class=\"elementor-widget-container\">\n\t\t\t\t\t\t\t\t\t<p>Dim Sum bedeutet &#8222;das Ber\u00fchren des Herzens&#8220;: kleine Gerichte, die Sie verzaubern sollen. Kurz gesagt, ein wahres kulinarisches Erlebnis. Unsere Dim Sum K\u00f6che bereiten t\u00e4glich frische Dim Sum zu und sorgen daf\u00fcr, dass Sie die Dim Sum Erfahrung wie in China erleben. T\u00e4glich zwischen 12:00 und 16:00 Uhr k\u00f6nnen Sie unsere umfangreiche Dim Sum Karte genie\u00dfen.<\/p>\n\t\t\t\t\t\t\t\t<\/div>\n\t\t\t\t<\/div>\n\t\t\t\t\t<\/div>\n\t\t<\/div>\n\t\t\t\t\t<\/div>\n\t\t<\/section>\n\t\t\t\t<section class=\"elementor-section elementor-top-section elementor-element elementor-element-718f5e3 elementor-section-full_width elementor-section-height-default elementor-section-height-default\" data-id=\"718f5e3\" data-element_type=\"section\">\n\t\t\t\t\t\t\t<div class=\"elementor-background-overlay\"><\/div>\n\t\t\t\t\t\t\t<div class=\"elementor-container elementor-column-gap-default\">\n\t\t\t\t\t<div class=\"elementor-column elementor-col-100 elementor-top-column elementor-element elementor-element-5198809\" data-id=\"5198809\" data-element_type=\"column\">\n\t\t\t<div class=\"elementor-widget-wrap elementor-element-populated\">\n\t\t\t\t\t\t<section class=\"elementor-section elementor-inner-section elementor-element elementor-element-c765abc elementor-section-content-middle elementor-section-boxed elementor-section-height-default elementor-section-height-default\" data-id=\"c765abc\" data-element_type=\"section\">\n\t\t\t\t\t\t<div class=\"elementor-container elementor-column-gap-wider\">\n\t\t\t\t\t<div class=\"elementor-column elementor-col-50 elementor-inner-column elementor-element elementor-element-ac6f4c7\" data-id=\"ac6f4c7\" data-element_type=\"column\">\n\t\t\t<div class=\"elementor-widget-wrap elementor-element-populated\">\n\t\t\t\t\t\t<div class=\"elementor-element elementor-element-bb93464 elementor-widget elementor-widget-heading\" data-id=\"bb93464\" data-element_type=\"widget\" data-widget_type=\"heading.default\">\n\t\t\t\t<div class=\"elementor-widget-container\">\n\t\t\t\t\t<h2 class=\"elementor-heading-title elementor-size-default\"><span class=\"ws-font-light\">DIM SUM<\/span> MEN\u00dc<\/h2>\t\t\t\t<\/div>\n\t\t\t\t<\/div>\n\t\t\t\t<div class=\"elementor-element elementor-element-c6598ea elementor-widget-divider--view-line elementor-widget elementor-widget-divider\" data-id=\"c6598ea\" data-element_type=\"widget\" data-widget_type=\"divider.default\">\n\t\t\t\t<div class=\"elementor-widget-container\">\n\t\t\t\t\t\t\t<div class=\"elementor-divider\">\n\t\t\t<span class=\"elementor-divider-separator\">\n\t\t\t\t\t\t<\/span>\n\t\t<\/div>\n\t\t\t\t\t\t<\/div>\n\t\t\t\t<\/div>\n\t\t\t\t<div class=\"elementor-element elementor-element-051368d elementor-widget elementor-widget-text-editor\" data-id=\"051368d\" data-element_type=\"widget\" data-widget_type=\"text-editor.default\">\n\t\t\t\t<div class=\"elementor-widget-container\">\n\t\t\t\t\t\t\t\t\t<p>Wir laden Sie herzlich ein, aus unserem umfangreichen Dim Sum Men\u00fc zu w\u00e4hlen. Wir servieren die Gerichte nach dem Prinzip des gemeinsamen Essens, wie es seit Jahrhunderten in China \u00fcblich ist. Sobald die Gerichte auf dem Tisch stehen, k\u00f6nnen Sie mit dem Probieren beginnen. Entdecken Sie die verschiedenen Geschmacksrichtungen und Texturen und genie\u00dfen Sie.<\/p>\n<p>Mit Dim Sum (im Wesentlichen gef\u00fcllte Teigtaschen in ged\u00e4mpften Wan-Tan-Bl\u00e4ttern) k\u00f6nnen Sie vielf\u00e4ltig variieren, und genau das macht unser Dim Sum Chef t\u00e4glich. Bestellen Sie nach Herzenslust!<\/p>\n\t\t\t\t\t\t\t\t<\/div>\n\t\t\t\t<\/div>\n\t\t\t\t<div class=\"elementor-element elementor-element-1fa75be elementor-widget elementor-widget-button\" data-id=\"1fa75be\" data-element_type=\"widget\" data-widget_type=\"button.default\">\n\t\t\t\t<div class=\"elementor-widget-container\">\n\t\t\t\t\t\t\t\t\t<div class=\"elementor-button-wrapper\">\n\t\t\t\t\t<a class=\"elementor-button elementor-button-link elementor-size-md\" href=\"https:\/\/seapalace.nl\/menu\/\" target=\"_blank\">\n\t\t\t\t\t\t<span class=\"elementor-button-content-wrapper\">\n\t\t\t\t\t\t\t\t\t<span class=\"elementor-button-text\">DIM SUM MEN\u00dc<\/span>\n\t\t\t\t\t<\/span>\n\t\t\t\t\t<\/a>\n\t\t\t\t<\/div>\n\t\t\t\t\t\t\t\t<\/div>\n\t\t\t\t<\/div>\n\t\t\t\t\t<\/div>\n\t\t<\/div>\n\t\t\t\t<div class=\"elementor-column elementor-col-50 elementor-inner-column elementor-element elementor-element-9dc4b7e\" data-id=\"9dc4b7e\" data-element_type=\"column\">\n\t\t\t<div class=\"elementor-widget-wrap elementor-element-populated\">\n\t\t\t\t\t\t<div class=\"elementor-element elementor-element-79fb801 elementor--h-position-center elementor--v-position-middle elementor-pagination-position-inside elementor-widget elementor-widget-slides\" data-id=\"79fb801\" data-element_type=\"widget\" data-settings=\"{&quot;navigation&quot;:&quot;dots&quot;,&quot;autoplay_speed&quot;:7000,&quot;transition_speed&quot;:800,&quot;autoplay&quot;:&quot;yes&quot;,&quot;pause_on_hover&quot;:&quot;yes&quot;,&quot;pause_on_interaction&quot;:&quot;yes&quot;,&quot;infinite&quot;:&quot;yes&quot;,&quot;transition&quot;:&quot;slide&quot;}\" data-widget_type=\"slides.default\">\n\t\t\t\t<div class=\"elementor-widget-container\">\n\t\t\t\t\t\t\t\t\t<div class=\"elementor-swiper\">\n\t\t\t\t\t<div class=\"elementor-slides-wrapper elementor-main-swiper swiper\" role=\"region\" aria-roledescription=\"carousel\" aria-label=\"Slider\" dir=\"ltr\" data-animation=\"\">\n\t\t\t\t<div class=\"swiper-wrapper elementor-slides\">\n\t\t\t\t\t\t\t\t\t\t<div class=\"elementor-repeater-item-7ce2dc3 swiper-slide\" role=\"group\" aria-roledescription=\"slide\"><div class=\"swiper-slide-bg\" role=\"img\" aria-label=\"dim_sum_01\"><\/div><div class=\"swiper-slide-inner\" ><div class=\"swiper-slide-contents\"><\/div><\/div><\/div><div class=\"elementor-repeater-item-b661b60 swiper-slide\" role=\"group\" aria-roledescription=\"slide\"><div class=\"swiper-slide-bg\" role=\"img\" aria-label=\"dim_sum_menu_slider_1\"><\/div><div class=\"swiper-slide-inner\" ><div class=\"swiper-slide-contents\"><\/div><\/div><\/div>\t\t\t\t<\/div>\n\t\t\t\t\t\t\t\t\t\t\t\t\t\t\t\t\t\t\t\t<div class=\"swiper-pagination\"><\/div>\n\t\t\t\t\t\t\t\t\t\t\t\t<\/div>\n\t\t\t\t<\/div>\n\t\t\t\t\t\t\t\t<\/div>\n\t\t\t\t<\/div>\n\t\t\t\t\t<\/div>\n\t\t<\/div>\n\t\t\t\t\t<\/div>\n\t\t<\/section>\n\t\t\t\t<section class=\"elementor-section elementor-inner-section elementor-element elementor-element-bfe250d elementor-section-content-middle elementor-section-boxed elementor-section-height-default elementor-section-height-default\" data-id=\"bfe250d\" data-element_type=\"section\">\n\t\t\t\t\t\t<div class=\"elementor-container elementor-column-gap-wider\">\n\t\t\t\t\t<div class=\"elementor-column elementor-col-100 elementor-inner-column elementor-element elementor-element-fcf6a55\" data-id=\"fcf6a55\" data-element_type=\"column\">\n\t\t\t<div class=\"elementor-widget-wrap elementor-element-populated\">\n\t\t\t\t\t\t<div class=\"elementor-element elementor-element-45e8d40 elementor-widget elementor-widget-heading\" data-id=\"45e8d40\" data-element_type=\"widget\" data-widget_type=\"heading.default\">\n\t\t\t\t<div class=\"elementor-widget-container\">\n\t\t\t\t\t<h2 class=\"elementor-heading-title elementor-size-default\"><span class=\"ws-font-light\">DIM SUM<\/span> SHARED DINING<\/h2>\t\t\t\t<\/div>\n\t\t\t\t<\/div>\n\t\t\t\t<div class=\"elementor-element elementor-element-2d0e1d2 elementor-widget-divider--view-line elementor-widget elementor-widget-divider\" data-id=\"2d0e1d2\" data-element_type=\"widget\" data-widget_type=\"divider.default\">\n\t\t\t\t<div class=\"elementor-widget-container\">\n\t\t\t\t\t\t\t<div class=\"elementor-divider\">\n\t\t\t<span class=\"elementor-divider-separator\">\n\t\t\t\t\t\t<\/span>\n\t\t<\/div>\n\t\t\t\t\t\t<\/div>\n\t\t\t\t<\/div>\n\t\t\t\t<div class=\"elementor-element elementor-element-c22a195 elementor-widget elementor-widget-text-editor\" data-id=\"c22a195\" data-element_type=\"widget\" data-widget_type=\"text-editor.default\">\n\t\t\t\t<div class=\"elementor-widget-container\">\n\t\t\t\t\t\t\t\t\t<p>Nach traditioneller Sitte serviert man Dim Sum mit k\u00f6stlichem, duftendem Tee. Dies wird als &#8222;Yam Cha&#8220; (Tee trinken) bezeichnet und entstand in der Provinz Kanton (Guangdong). Ersch\u00f6pfte Reisende entlang der alten Seidenstra\u00dfen besuchten Teeh\u00e4user entlang der Routen, um sich auszuruhen und zu essen und zu trinken. Hier entstand der Brauch, bei Tee verschiedene kleine Gerichte zu servieren. In China ist es \u00fcblich, die servierten Gerichte gemeinsam zu teilen. Heutzutage nennen wir das &#8222;shared dining&#8220;. Decken Sie Ihren Tisch mit diesen k\u00f6stlichen Gerichten ein, gie\u00dfen Sie einen duftenden Tee ein, nehmen Sie Ihre St\u00e4bchen und genie\u00dfen Sie!<\/p>\n\t\t\t\t\t\t\t\t<\/div>\n\t\t\t\t<\/div>\n\t\t\t\t\t<\/div>\n\t\t<\/div>\n\t\t\t\t\t<\/div>\n\t\t<\/section>\n\t\t\t\t\t<\/div>\n\t\t<\/div>\n\t\t\t\t\t<\/div>\n\t\t<\/section>\n\t\t\t\t<section class=\"elementor-section elementor-top-section elementor-element elementor-element-48d5c85 ws-section elementor-section-boxed elementor-section-height-default elementor-section-height-default\" data-id=\"48d5c85\" data-element_type=\"section\">\n\t\t\t\t\t\t<div class=\"elementor-container elementor-column-gap-default\">\n\t\t\t\t\t<div class=\"elementor-column elementor-col-100 elementor-top-column elementor-element elementor-element-8d35cb4\" data-id=\"8d35cb4\" data-element_type=\"column\">\n\t\t\t<div class=\"elementor-widget-wrap elementor-element-populated\">\n\t\t\t\t\t\t<div class=\"elementor-element elementor-element-4bee78b elementor-widget elementor-widget-heading\" data-id=\"4bee78b\" data-element_type=\"widget\" data-widget_type=\"heading.default\">\n\t\t\t\t<div class=\"elementor-widget-container\">\n\t\t\t\t\t<h2 class=\"elementor-heading-title elementor-size-default\"><span class=\"ws-font-light\">TRADITIONELLE<\/span> CHINESISCHE GERICHTEN<\/h2>\t\t\t\t<\/div>\n\t\t\t\t<\/div>\n\t\t\t\t<div class=\"elementor-element elementor-element-e664158 elementor-widget-divider--view-line elementor-widget elementor-widget-divider\" data-id=\"e664158\" data-element_type=\"widget\" data-widget_type=\"divider.default\">\n\t\t\t\t<div class=\"elementor-widget-container\">\n\t\t\t\t\t\t\t<div class=\"elementor-divider\">\n\t\t\t<span class=\"elementor-divider-separator\">\n\t\t\t\t\t\t<\/span>\n\t\t<\/div>\n\t\t\t\t\t\t<\/div>\n\t\t\t\t<\/div>\n\t\t\t\t<div class=\"elementor-element elementor-element-98f1cc6 elementor-widget elementor-widget-text-editor\" data-id=\"98f1cc6\" data-element_type=\"widget\" data-widget_type=\"text-editor.default\">\n\t\t\t\t<div class=\"elementor-widget-container\">\n\t\t\t\t\t\t\t\t\t<p>Zur Mittagszeit k\u00f6nnen Sie bei Sea Palace traditionelle chinesische Dim Sum genie\u00dfen. Am Abend bieten wir Ihnen eine Speisekarte mit vielen traditionellen chinesischen Gerichten an.<\/p>\n\t\t\t\t\t\t\t\t<\/div>\n\t\t\t\t<\/div>\n\t\t\t\t<div class=\"elementor-element elementor-element-a7bbf90 elementor-align-center elementor-widget elementor-widget-button\" data-id=\"a7bbf90\" data-element_type=\"widget\" data-widget_type=\"button.default\">\n\t\t\t\t<div class=\"elementor-widget-container\">\n\t\t\t\t\t\t\t\t\t<div class=\"elementor-button-wrapper\">\n\t\t\t\t\t<a class=\"elementor-button elementor-button-link elementor-size-md\" href=\"https:\/\/seapalace.nl\/menu\/\">\n\t\t\t\t\t\t<span class=\"elementor-button-content-wrapper\">\n\t\t\t\t\t\t\t\t\t<span class=\"elementor-button-text\">SCHAUE DIE SPEISEKARTE AN<\/span>\n\t\t\t\t\t<\/span>\n\t\t\t\t\t<\/a>\n\t\t\t\t<\/div>\n\t\t\t\t\t\t\t\t<\/div>\n\t\t\t\t<\/div>\n\t\t\t\t\t<\/div>\n\t\t<\/div>\n\t\t\t\t\t<\/div>\n\t\t<\/section>\n\t\t\t\t<\/div>\n\t\t","protected":false},"excerpt":{"rendered":"Sea Palace DIM SUM AMSTERDAM DIM SUM AMSTERDAM Dim Sum bedeutet &#8222;das Ber\u00fchren des Herzens&#8220;: kleine Gerichte, die Sie verzaubern sollen. Kurz gesagt,&#8230;","protected":false},"author":1,"featured_media":15769,"parent":0,"menu_order":0,"comment_status":"closed","ping_status":"closed","template":"","meta":{"footnotes":""},"class_list":["post-15767","page","type-page","status-publish","has-post-thumbnail","hentry"],"yoast_head":"<!-- This site is optimized with the Yoast SEO plugin v26.7 - https:\/\/yoast.com\/wordpress\/plugins\/seo\/ -->\n<title>Dim Sum Amsterdam: \u00dcberraschungspakete zum Genie\u00dfen<\/title>\n<meta name=\"description\" content=\"Der Dim Sum Chef des Sea Palace Amsterdam macht aus Dim Sum eine wahre kulinarische Erfahrung. W\u00e4hlen Sie aus der umfangreichen Dim Sum Karte oder bestellen Sie ein Men\u00fc.\" \/>\n<meta name=\"robots\" content=\"index, follow, max-snippet:-1, max-image-preview:large, max-video-preview:-1\" \/>\n<link rel=\"canonical\" href=\"https:\/\/seapalace.nl\/de\/dim-sum\/\" \/>\n<meta property=\"og:locale\" content=\"de_DE\" \/>\n<meta property=\"og:type\" content=\"article\" \/>\n<meta property=\"og:title\" content=\"Dim Sum Amsterdam: \u00dcberraschungspakete zum Genie\u00dfen\" \/>\n<meta property=\"og:description\" content=\"Der Dim Sum Chef des Sea Palace Amsterdam macht aus Dim Sum eine wahre kulinarische Erfahrung. W\u00e4hlen Sie aus der umfangreichen Dim Sum Karte oder bestellen Sie ein Men\u00fc.\" \/>\n<meta property=\"og:url\" content=\"https:\/\/seapalace.nl\/de\/dim-sum\/\" \/>\n<meta property=\"og:site_name\" content=\"Sea Palace\" \/>\n<meta property=\"article:modified_time\" content=\"2024-06-14T12:15:49+00:00\" \/>\n<meta property=\"og:image\" content=\"https:\/\/seapalace.nl\/wp-content\/uploads\/2020\/03\/event_6.jpg\" \/>\n\t<meta property=\"og:image:width\" content=\"1200\" \/>\n\t<meta property=\"og:image:height\" content=\"600\" \/>\n\t<meta property=\"og:image:type\" content=\"image\/jpeg\" \/>\n<meta name=\"twitter:card\" content=\"summary_large_image\" \/>\n<meta name=\"twitter:label1\" content=\"Gesch\u00e4tzte Lesezeit\" \/>\n\t<meta name=\"twitter:data1\" content=\"2\u00a0Minuten\" \/>\n<script type=\"application\/ld+json\" class=\"yoast-schema-graph\">{\"@context\":\"https:\/\/schema.org\",\"@graph\":[{\"@type\":\"WebPage\",\"@id\":\"https:\/\/seapalace.nl\/de\/dim-sum\/\",\"url\":\"https:\/\/seapalace.nl\/de\/dim-sum\/\",\"name\":\"Dim Sum Amsterdam: \u00dcberraschungspakete zum Genie\u00dfen\",\"isPartOf\":{\"@id\":\"https:\/\/seapalace.nl\/de\/#website\"},\"primaryImageOfPage\":{\"@id\":\"https:\/\/seapalace.nl\/de\/dim-sum\/#primaryimage\"},\"image\":{\"@id\":\"https:\/\/seapalace.nl\/de\/dim-sum\/#primaryimage\"},\"thumbnailUrl\":\"https:\/\/seapalace.nl\/wp-content\/uploads\/2020\/03\/event_6.jpg\",\"datePublished\":\"2024-06-14T12:15:36+00:00\",\"dateModified\":\"2024-06-14T12:15:49+00:00\",\"description\":\"Der Dim Sum Chef des Sea Palace Amsterdam macht aus Dim Sum eine wahre kulinarische Erfahrung. W\u00e4hlen Sie aus der umfangreichen Dim Sum Karte oder bestellen Sie ein Men\u00fc.\",\"breadcrumb\":{\"@id\":\"https:\/\/seapalace.nl\/de\/dim-sum\/#breadcrumb\"},\"inLanguage\":\"de\",\"potentialAction\":[{\"@type\":\"ReadAction\",\"target\":[\"https:\/\/seapalace.nl\/de\/dim-sum\/\"]}]},{\"@type\":\"ImageObject\",\"inLanguage\":\"de\",\"@id\":\"https:\/\/seapalace.nl\/de\/dim-sum\/#primaryimage\",\"url\":\"https:\/\/seapalace.nl\/wp-content\/uploads\/2020\/03\/event_6.jpg\",\"contentUrl\":\"https:\/\/seapalace.nl\/wp-content\/uploads\/2020\/03\/event_6.jpg\",\"width\":1200,\"height\":600},{\"@type\":\"BreadcrumbList\",\"@id\":\"https:\/\/seapalace.nl\/de\/dim-sum\/#breadcrumb\",\"itemListElement\":[{\"@type\":\"ListItem\",\"position\":1,\"name\":\"Home\",\"item\":\"https:\/\/seapalace.nl\/de\/\"},{\"@type\":\"ListItem\",\"position\":2,\"name\":\"Dim Sum\"}]},{\"@type\":\"WebSite\",\"@id\":\"https:\/\/seapalace.nl\/de\/#website\",\"url\":\"https:\/\/seapalace.nl\/de\/\",\"name\":\"Sea Palace\",\"description\":\"Dim Sum Restaurant\",\"publisher\":{\"@id\":\"https:\/\/seapalace.nl\/de\/#organization\"},\"potentialAction\":[{\"@type\":\"SearchAction\",\"target\":{\"@type\":\"EntryPoint\",\"urlTemplate\":\"https:\/\/seapalace.nl\/de\/?s={search_term_string}\"},\"query-input\":{\"@type\":\"PropertyValueSpecification\",\"valueRequired\":true,\"valueName\":\"search_term_string\"}}],\"inLanguage\":\"de\"},{\"@type\":\"Organization\",\"@id\":\"https:\/\/seapalace.nl\/de\/#organization\",\"name\":\"Sea Palace\",\"url\":\"https:\/\/seapalace.nl\/de\/\",\"logo\":{\"@type\":\"ImageObject\",\"inLanguage\":\"de\",\"@id\":\"https:\/\/seapalace.nl\/de\/#\/schema\/logo\/image\/\",\"url\":\"https:\/\/seapalace.nl\/wp-content\/uploads\/2020\/04\/2020-03-16_1354.png\",\"contentUrl\":\"https:\/\/seapalace.nl\/wp-content\/uploads\/2020\/04\/2020-03-16_1354.png\",\"width\":166,\"height\":160,\"caption\":\"Sea Palace\"},\"image\":{\"@id\":\"https:\/\/seapalace.nl\/de\/#\/schema\/logo\/image\/\"}}]}<\/script>\n<!-- \/ Yoast SEO plugin. -->","yoast_head_json":{"title":"Dim Sum Amsterdam: \u00dcberraschungspakete zum Genie\u00dfen","description":"Der Dim Sum Chef des Sea Palace Amsterdam macht aus Dim Sum eine wahre kulinarische Erfahrung. W\u00e4hlen Sie aus der umfangreichen Dim Sum Karte oder bestellen Sie ein Men\u00fc.","robots":{"index":"index","follow":"follow","max-snippet":"max-snippet:-1","max-image-preview":"max-image-preview:large","max-video-preview":"max-video-preview:-1"},"canonical":"https:\/\/seapalace.nl\/de\/dim-sum\/","og_locale":"de_DE","og_type":"article","og_title":"Dim Sum Amsterdam: \u00dcberraschungspakete zum Genie\u00dfen","og_description":"Der Dim Sum Chef des Sea Palace Amsterdam macht aus Dim Sum eine wahre kulinarische Erfahrung. W\u00e4hlen Sie aus der umfangreichen Dim Sum Karte oder bestellen Sie ein Men\u00fc.","og_url":"https:\/\/seapalace.nl\/de\/dim-sum\/","og_site_name":"Sea Palace","article_modified_time":"2024-06-14T12:15:49+00:00","og_image":[{"width":1200,"height":600,"url":"https:\/\/seapalace.nl\/wp-content\/uploads\/2020\/03\/event_6.jpg","type":"image\/jpeg"}],"twitter_card":"summary_large_image","twitter_misc":{"Gesch\u00e4tzte Lesezeit":"2\u00a0Minuten"},"schema":{"@context":"https:\/\/schema.org","@graph":[{"@type":"WebPage","@id":"https:\/\/seapalace.nl\/de\/dim-sum\/","url":"https:\/\/seapalace.nl\/de\/dim-sum\/","name":"Dim Sum Amsterdam: \u00dcberraschungspakete zum Genie\u00dfen","isPartOf":{"@id":"https:\/\/seapalace.nl\/de\/#website"},"primaryImageOfPage":{"@id":"https:\/\/seapalace.nl\/de\/dim-sum\/#primaryimage"},"image":{"@id":"https:\/\/seapalace.nl\/de\/dim-sum\/#primaryimage"},"thumbnailUrl":"https:\/\/seapalace.nl\/wp-content\/uploads\/2020\/03\/event_6.jpg","datePublished":"2024-06-14T12:15:36+00:00","dateModified":"2024-06-14T12:15:49+00:00","description":"Der Dim Sum Chef des Sea Palace Amsterdam macht aus Dim Sum eine wahre kulinarische Erfahrung. W\u00e4hlen Sie aus der umfangreichen Dim Sum Karte oder bestellen Sie ein Men\u00fc.","breadcrumb":{"@id":"https:\/\/seapalace.nl\/de\/dim-sum\/#breadcrumb"},"inLanguage":"de","potentialAction":[{"@type":"ReadAction","target":["https:\/\/seapalace.nl\/de\/dim-sum\/"]}]},{"@type":"ImageObject","inLanguage":"de","@id":"https:\/\/seapalace.nl\/de\/dim-sum\/#primaryimage","url":"https:\/\/seapalace.nl\/wp-content\/uploads\/2020\/03\/event_6.jpg","contentUrl":"https:\/\/seapalace.nl\/wp-content\/uploads\/2020\/03\/event_6.jpg","width":1200,"height":600},{"@type":"BreadcrumbList","@id":"https:\/\/seapalace.nl\/de\/dim-sum\/#breadcrumb","itemListElement":[{"@type":"ListItem","position":1,"name":"Home","item":"https:\/\/seapalace.nl\/de\/"},{"@type":"ListItem","position":2,"name":"Dim Sum"}]},{"@type":"WebSite","@id":"https:\/\/seapalace.nl\/de\/#website","url":"https:\/\/seapalace.nl\/de\/","name":"Sea Palace","description":"Dim Sum Restaurant","publisher":{"@id":"https:\/\/seapalace.nl\/de\/#organization"},"potentialAction":[{"@type":"SearchAction","target":{"@type":"EntryPoint","urlTemplate":"https:\/\/seapalace.nl\/de\/?s={search_term_string}"},"query-input":{"@type":"PropertyValueSpecification","valueRequired":true,"valueName":"search_term_string"}}],"inLanguage":"de"},{"@type":"Organization","@id":"https:\/\/seapalace.nl\/de\/#organization","name":"Sea Palace","url":"https:\/\/seapalace.nl\/de\/","logo":{"@type":"ImageObject","inLanguage":"de","@id":"https:\/\/seapalace.nl\/de\/#\/schema\/logo\/image\/","url":"https:\/\/seapalace.nl\/wp-content\/uploads\/2020\/04\/2020-03-16_1354.png","contentUrl":"https:\/\/seapalace.nl\/wp-content\/uploads\/2020\/04\/2020-03-16_1354.png","width":166,"height":160,"caption":"Sea Palace"},"image":{"@id":"https:\/\/seapalace.nl\/de\/#\/schema\/logo\/image\/"}}]}},"_links":{"self":[{"href":"https:\/\/seapalace.nl\/de\/wp-json\/wp\/v2\/pages\/15767","targetHints":{"allow":["GET"]}}],"collection":[{"href":"https:\/\/seapalace.nl\/de\/wp-json\/wp\/v2\/pages"}],"about":[{"href":"https:\/\/seapalace.nl\/de\/wp-json\/wp\/v2\/types\/page"}],"author":[{"embeddable":true,"href":"https:\/\/seapalace.nl\/de\/wp-json\/wp\/v2\/users\/1"}],"replies":[{"embeddable":true,"href":"https:\/\/seapalace.nl\/de\/wp-json\/wp\/v2\/comments?post=15767"}],"version-history":[{"count":3,"href":"https:\/\/seapalace.nl\/de\/wp-json\/wp\/v2\/pages\/15767\/revisions"}],"predecessor-version":[{"id":15772,"href":"https:\/\/seapalace.nl\/de\/wp-json\/wp\/v2\/pages\/15767\/revisions\/15772"}],"wp:featuredmedia":[{"embeddable":true,"href":"https:\/\/seapalace.nl\/de\/wp-json\/wp\/v2\/media\/15769"}],"wp:attachment":[{"href":"https:\/\/seapalace.nl\/de\/wp-json\/wp\/v2\/media?parent=15767"}],"curies":[{"name":"wp","href":"https:\/\/api.w.org\/{rel}","templated":true}]}}